{"id":725,"date":"2021-11-02T15:52:38","date_gmt":"2021-11-02T14:52:38","guid":{"rendered":"https:\/\/studiofrus.archibuzz.tech\/riccardo-michi\/"},"modified":"2024-07-31T18:35:39","modified_gmt":"2024-07-31T16:35:39","slug":"riccardo-michi","status":"publish","type":"page","link":"https:\/\/www.fruseassociati.it\/fr\/les-professionnels\/riccardo-michi\/","title":{"rendered":"Riccardo Michi"},"content":{"rendered":"\t\t<div data-elementor-type=\"wp-page\" data-elementor-id=\"725\" class=\"elementor elementor-725 elementor-441\">\n\t\t\t\t\t\t<section class=\"elementor-section elementor-top-section elementor-element elementor-element-63e637dd elementor-section-full_width elementor-section-height-min-height page-header professionisti elementor-section-height-default elementor-section-items-middle\" data-id=\"63e637dd\" data-element_type=\"section\" data-e-type=\"section\" data-settings=\"{&quot;background_background&quot;:&quot;classic&quot;}\">\n\t\t\t\t\t\t<div class=\"elementor-container elementor-column-gap-default\">\n\t\t\t\t\t<div class=\"elementor-column elementor-col-100 elementor-top-column elementor-element elementor-element-768a83a9\" data-id=\"768a83a9\" data-element_type=\"column\" data-e-type=\"column\">\n\t\t\t<div class=\"elementor-widget-wrap elementor-element-populated\">\n\t\t\t\t\t\t<section class=\"elementor-section elementor-inner-section elementor-element elementor-element-38d0353b prof-title elementor-section-boxed elementor-section-height-default elementor-section-height-default elementor-invisible\" data-id=\"38d0353b\" data-element_type=\"section\" data-e-type=\"section\" data-settings=\"{&quot;animation&quot;:&quot;fadeInLeft&quot;}\">\n\t\t\t\t\t\t<div class=\"elementor-container elementor-column-gap-default\">\n\t\t\t\t\t<div class=\"elementor-column elementor-col-100 elementor-inner-column elementor-element elementor-element-4dc2539e\" data-id=\"4dc2539e\" data-element_type=\"column\" data-e-type=\"column\">\n\t\t\t<div class=\"elementor-widget-wrap elementor-element-populated\">\n\t\t\t\t\t\t<div class=\"elementor-element elementor-element-5924b79 elementor-widget elementor-widget-heading\" data-id=\"5924b79\" data-element_type=\"widget\" data-e-type=\"widget\" data-widget_type=\"heading.default\">\n\t\t\t\t<div class=\"elementor-widget-container\">\n\t\t\t\t\t<h1 class=\"elementor-heading-title elementor-size-default\">Avocat Riccardo Michi<\/h1>\t\t\t\t<\/div>\n\t\t\t\t<\/div>\n\t\t\t\t\t<\/div>\n\t\t<\/div>\n\t\t\t\t\t<\/div>\n\t\t<\/section>\n\t\t\t\t<section class=\"elementor-section elementor-inner-section elementor-element elementor-element-4bdf590a prof-info elementor-section-boxed elementor-section-height-default elementor-section-height-default\" data-id=\"4bdf590a\" data-element_type=\"section\" data-e-type=\"section\">\n\t\t\t\t\t\t<div class=\"elementor-container elementor-column-gap-default\">\n\t\t\t\t\t<div class=\"elementor-column elementor-col-50 elementor-inner-column elementor-element elementor-element-65ad1afb\" data-id=\"65ad1afb\" data-element_type=\"column\" data-e-type=\"column\">\n\t\t\t<div class=\"elementor-widget-wrap elementor-element-populated\">\n\t\t\t\t\t\t<div class=\"elementor-element elementor-element-37471159 elementor-invisible elementor-widget elementor-widget-text-editor\" data-id=\"37471159\" data-element_type=\"widget\" data-e-type=\"widget\" data-settings=\"{&quot;_animation&quot;:&quot;fadeInLeft&quot;}\" data-widget_type=\"text-editor.default\">\n\t\t\t\t<div class=\"elementor-widget-container\">\n\t\t\t\t\t\t\t\t\t<p><span style=\"text-decoration: underline;\"><a href=\"mailto:riccardo.michi@studiolegalefrus.it\">riccardo.michi@studiolegalefrus.it<\/a><\/span><\/p>\n<p><a href=\"tel:00390115620257\">T\u00e9l +39 011 56 20 257<\/a><br \/>\n<a href=\"tel:00390115620257\">T\u00e9l +39 011 56 13 240<\/a><br \/>\nT\u00e9l\u00e9copie +39 011 54 63 23<\/p>\n\t\t\t\t\t\t\t\t<\/div>\n\t\t\t\t<\/div>\n\t\t\t\t\t<\/div>\n\t\t<\/div>\n\t\t\t\t<div class=\"elementor-column elementor-col-50 elementor-inner-column elementor-element elementor-element-1c504aa8\" data-id=\"1c504aa8\" data-element_type=\"column\" data-e-type=\"column\">\n\t\t\t<div class=\"elementor-widget-wrap elementor-element-populated\">\n\t\t\t\t\t\t<div class=\"elementor-element elementor-element-378d9aa4 elementor-invisible elementor-widget elementor-widget-text-editor\" data-id=\"378d9aa4\" data-element_type=\"widget\" data-e-type=\"widget\" data-settings=\"{&quot;_animation&quot;:&quot;fadeInRight&quot;}\" data-widget_type=\"text-editor.default\">\n\t\t\t\t<div class=\"elementor-widget-container\">\n\t\t\t\t\t\t\t\t\t<p><strong><span class=\"\">FORMATION: <\/span><\/strong><span class=\"\">Universit\u00e9 de Turin,\u00a0<\/span>dipl\u00f4m\u00e9<span class=\"\">\u00a0en droit<br \/>\n<\/span><strong><span class=\"\">HABILITATIONS: <\/span><\/strong>a<span class=\"\">vocat inscrit au\u00a0<\/span>Barreau de Turin<br \/>\n<strong><span class=\"\">LANGUES \u00c9TRANG\u00c8RES: <\/span><\/strong>anglais<\/p>\n\t\t\t\t\t\t\t\t<\/div>\n\t\t\t\t<\/div>\n\t\t\t\t\t<\/div>\n\t\t<\/div>\n\t\t\t\t\t<\/div>\n\t\t<\/section>\n\t\t\t\t\t<\/div>\n\t\t<\/div>\n\t\t\t\t\t<\/div>\n\t\t<\/section>\n\t\t\t\t<section class=\"elementor-section elementor-top-section elementor-element elementor-element-6a552996 elementor-section-boxed elementor-section-height-default elementor-section-height-default\" data-id=\"6a552996\" data-element_type=\"section\" data-e-type=\"section\">\n\t\t\t\t\t\t<div class=\"elementor-container elementor-column-gap-default\">\n\t\t\t\t\t<div class=\"elementor-column elementor-col-100 elementor-top-column elementor-element elementor-element-3fdbbe14\" data-id=\"3fdbbe14\" data-element_type=\"column\" data-e-type=\"column\">\n\t\t\t<div class=\"elementor-widget-wrap elementor-element-populated\">\n\t\t\t\t\t\t<section class=\"elementor-section elementor-inner-section elementor-element elementor-element-6a5dd5c2 elementor-section-boxed elementor-section-height-default elementor-section-height-default\" data-id=\"6a5dd5c2\" data-element_type=\"section\" data-e-type=\"section\">\n\t\t\t\t\t\t<div class=\"elementor-container elementor-column-gap-default\">\n\t\t\t\t\t<div class=\"elementor-column elementor-col-50 elementor-inner-column elementor-element elementor-element-469ee630\" data-id=\"469ee630\" data-element_type=\"column\" data-e-type=\"column\">\n\t\t\t<div class=\"elementor-widget-wrap elementor-element-populated\">\n\t\t\t\t\t\t<div class=\"elementor-element elementor-element-4cf1ebc4 elementor-invisible elementor-widget elementor-widget-text-editor\" data-id=\"4cf1ebc4\" data-element_type=\"widget\" data-e-type=\"widget\" data-settings=\"{&quot;_animation&quot;:&quot;fadeInLeft&quot;}\" data-widget_type=\"text-editor.default\">\n\t\t\t\t<div class=\"elementor-widget-container\">\n\t\t\t\t\t\t\t\t\t<p>Riccardo Michi est dipl\u00f4m\u00e9 de la Facult\u00e9 de droit de l&rsquo;Universit\u00e9 de Turin avec une th\u00e8se sur le droit de la proc\u00e9dure civile. Il est inscrit au registre des avocats en cassation. Of Counsel du Cabinet Frus e Associati depuis le 1er juillet 2017.<\/p>\n<p>Il a acquis son exp\u00e9rience professionnelle en collaborant avec des cabinets de droit civil et de droit du travail et a, par la suite, exerc\u00e9 sa propre activit\u00e9 au sein de sa propre \u00e9quipe de professionnels.<\/p>\n\t\t\t\t\t\t\t\t<\/div>\n\t\t\t\t<\/div>\n\t\t\t\t\t<\/div>\n\t\t<\/div>\n\t\t\t\t<div class=\"elementor-column elementor-col-50 elementor-inner-column elementor-element elementor-element-1829661e\" data-id=\"1829661e\" data-element_type=\"column\" data-e-type=\"column\">\n\t\t\t<div class=\"elementor-widget-wrap elementor-element-populated\">\n\t\t\t\t\t\t<div class=\"elementor-element elementor-element-5fc78157 elementor-invisible elementor-widget elementor-widget-image\" data-id=\"5fc78157\" data-element_type=\"widget\" data-e-type=\"widget\" data-settings=\"{&quot;_animation&quot;:&quot;fadeInRight&quot;}\" data-widget_type=\"image.default\">\n\t\t\t\t<div class=\"elementor-widget-container\">\n\t\t\t\t\t\t\t\t\t\t\t\t\t\t\t<img fetchpriority=\"high\" decoding=\"async\" width=\"280\" height=\"280\" src=\"https:\/\/www.fruseassociati.it\/wp-content\/uploads\/2021\/10\/ofcounsel1.webp\" class=\"attachment-large size-large wp-image-635\" alt=\"\" srcset=\"https:\/\/www.fruseassociati.it\/wp-content\/uploads\/2021\/10\/ofcounsel1.webp 280w, https:\/\/www.fruseassociati.it\/wp-content\/uploads\/2021\/10\/ofcounsel1-150x150.webp 150w\" sizes=\"(max-width: 280px) 100vw, 280px\" \/>\t\t\t\t\t\t\t\t\t\t\t\t\t\t\t<\/div>\n\t\t\t\t<\/div>\n\t\t\t\t\t<\/div>\n\t\t<\/div>\n\t\t\t\t\t<\/div>\n\t\t<\/section>\n\t\t\t\t<section class=\"elementor-section elementor-inner-section elementor-element elementor-element-335c50c9 elementor-section-boxed elementor-section-height-default elementor-section-height-default elementor-invisible\" data-id=\"335c50c9\" data-element_type=\"section\" data-e-type=\"section\" data-settings=\"{&quot;animation&quot;:&quot;fadeInUp&quot;}\">\n\t\t\t\t\t\t<div class=\"elementor-container elementor-column-gap-default\">\n\t\t\t\t\t<div class=\"elementor-column elementor-col-100 elementor-inner-column elementor-element elementor-element-72677c19\" data-id=\"72677c19\" data-element_type=\"column\" data-e-type=\"column\">\n\t\t\t<div class=\"elementor-widget-wrap elementor-element-populated\">\n\t\t\t\t\t\t<div class=\"elementor-element elementor-element-74baa3aa elementor-widget elementor-widget-text-editor\" data-id=\"74baa3aa\" data-element_type=\"widget\" data-e-type=\"widget\" data-widget_type=\"text-editor.default\">\n\t\t\t\t<div class=\"elementor-widget-container\">\n\t\t\t\t\t\t\t\t\t<p>Il exerce la profession d&rsquo;avocat, fournissant une assistance judiciaire et extrajudiciaire ainsi que des conseils aux particuliers, aux organisations et aux entreprises. Il s&rsquo;occupe principalement de droit du travail, de droit civil (avec une expertise particuli\u00e8re au droit de la famille, des successions et des droits r\u00e9els), de droit fiscal et de droit commercial ; il a \u00e9galement acquis une exp\u00e9rience professionnelle sp\u00e9cifique dans le domaine des appels d&rsquo;offres, ainsi que dans celui des concessions publiques.<\/p>\n\t\t\t\t\t\t\t\t<\/div>\n\t\t\t\t<\/div>\n\t\t\t\t\t<\/div>\n\t\t<\/div>\n\t\t\t\t\t<\/div>\n\t\t<\/section>\n\t\t\t\t\t<\/div>\n\t\t<\/div>\n\t\t\t\t\t<\/div>\n\t\t<\/section>\n\t\t\t\t<\/div>\n\t\t","protected":false},"excerpt":{"rendered":"<p>Avocat Riccardo Michi riccardo.michi@studiolegalefrus.it T\u00e9l +39 011 56 20 257 T\u00e9l +39 011 56 13 240 T\u00e9l\u00e9copie +39 011 54 63 23 FORMATION: Universit\u00e9 de Turin,\u00a0dipl\u00f4m\u00e9\u00a0en droit HABILITATIONS: avocat inscrit au\u00a0Barreau de Turin LANGUES \u00c9TRANG\u00c8RES: anglais Riccardo Michi est dipl\u00f4m\u00e9 de la Facult\u00e9 de droit de l&rsquo;Universit\u00e9 de Turin avec une th\u00e8se sur le droit [&hellip;]<\/p>\n","protected":false},"author":5,"featured_media":0,"parent":731,"menu_order":0,"comment_status":"closed","ping_status":"closed","template":"fullwidth-no-container.php","meta":{"footnotes":""},"class_list":["post-725","page","type-page","status-publish","hentry"],"yoast_head":"<!-- This site is optimized with the Yoast SEO plugin v27.5 - https:\/\/yoast.com\/product\/yoast-seo-wordpress\/ -->\n<title>Riccardo Michi - Studio Legale Frus<\/title>\n<meta name=\"robots\" content=\"index, follow, max-snippet:-1, max-image-preview:large, max-video-preview:-1\" \/>\n<link rel=\"canonical\" href=\"https:\/\/www.fruseassociati.it\/fr\/les-professionnels\/riccardo-michi\/\" \/>\n<meta property=\"og:locale\" content=\"fr_FR\" \/>\n<meta property=\"og:type\" content=\"article\" \/>\n<meta property=\"og:title\" content=\"Riccardo Michi - Studio Legale Frus\" \/>\n<meta property=\"og:description\" content=\"Avocat Riccardo Michi riccardo.michi@studiolegalefrus.it T\u00e9l +39 011 56 20 257 T\u00e9l +39 011 56 13 240 T\u00e9l\u00e9copie +39 011 54 63 23 FORMATION: Universit\u00e9 de Turin,\u00a0dipl\u00f4m\u00e9\u00a0en droit HABILITATIONS: avocat inscrit au\u00a0Barreau de Turin LANGUES \u00c9TRANG\u00c8RES: anglais Riccardo Michi est dipl\u00f4m\u00e9 de la Facult\u00e9 de droit de l&rsquo;Universit\u00e9 de Turin avec une th\u00e8se sur le droit [&hellip;]\" \/>\n<meta property=\"og:url\" content=\"https:\/\/www.fruseassociati.it\/fr\/les-professionnels\/riccardo-michi\/\" \/>\n<meta property=\"og:site_name\" content=\"Studio Legale Frus\" \/>\n<meta property=\"article:modified_time\" content=\"2024-07-31T16:35:39+00:00\" \/>\n<meta property=\"og:image\" content=\"https:\/\/www.fruseassociati.it\/wp-content\/uploads\/2021\/10\/ofcounsel1.webp\" \/>\n<meta name=\"twitter:card\" content=\"summary_large_image\" \/>\n<meta name=\"twitter:label1\" content=\"Dur\u00e9e de lecture estim\u00e9e\" \/>\n\t<meta name=\"twitter:data1\" content=\"2 minutes\" \/>\n<script type=\"application\/ld+json\" class=\"yoast-schema-graph\">{\"@context\":\"https:\\\/\\\/schema.org\",\"@graph\":[{\"@type\":\"WebPage\",\"@id\":\"https:\\\/\\\/www.fruseassociati.it\\\/fr\\\/les-professionnels\\\/riccardo-michi\\\/\",\"url\":\"https:\\\/\\\/www.fruseassociati.it\\\/fr\\\/les-professionnels\\\/riccardo-michi\\\/\",\"name\":\"Riccardo Michi - Studio Legale Frus\",\"isPartOf\":{\"@id\":\"https:\\\/\\\/www.fruseassociati.it\\\/fr\\\/#website\"},\"primaryImageOfPage\":{\"@id\":\"https:\\\/\\\/www.fruseassociati.it\\\/fr\\\/les-professionnels\\\/riccardo-michi\\\/#primaryimage\"},\"image\":{\"@id\":\"https:\\\/\\\/www.fruseassociati.it\\\/fr\\\/les-professionnels\\\/riccardo-michi\\\/#primaryimage\"},\"thumbnailUrl\":\"https:\\\/\\\/www.fruseassociati.it\\\/wp-content\\\/uploads\\\/2021\\\/10\\\/ofcounsel1.webp\",\"datePublished\":\"2021-11-02T14:52:38+00:00\",\"dateModified\":\"2024-07-31T16:35:39+00:00\",\"breadcrumb\":{\"@id\":\"https:\\\/\\\/www.fruseassociati.it\\\/fr\\\/les-professionnels\\\/riccardo-michi\\\/#breadcrumb\"},\"inLanguage\":\"fr-FR\",\"potentialAction\":[{\"@type\":\"ReadAction\",\"target\":[\"https:\\\/\\\/www.fruseassociati.it\\\/fr\\\/les-professionnels\\\/riccardo-michi\\\/\"]}]},{\"@type\":\"ImageObject\",\"inLanguage\":\"fr-FR\",\"@id\":\"https:\\\/\\\/www.fruseassociati.it\\\/fr\\\/les-professionnels\\\/riccardo-michi\\\/#primaryimage\",\"url\":\"https:\\\/\\\/www.fruseassociati.it\\\/wp-content\\\/uploads\\\/2021\\\/10\\\/ofcounsel1.webp\",\"contentUrl\":\"https:\\\/\\\/www.fruseassociati.it\\\/wp-content\\\/uploads\\\/2021\\\/10\\\/ofcounsel1.webp\"},{\"@type\":\"BreadcrumbList\",\"@id\":\"https:\\\/\\\/www.fruseassociati.it\\\/fr\\\/les-professionnels\\\/riccardo-michi\\\/#breadcrumb\",\"itemListElement\":[{\"@type\":\"ListItem\",\"position\":1,\"name\":\"Home\",\"item\":\"https:\\\/\\\/www.fruseassociati.it\\\/fr\\\/\"},{\"@type\":\"ListItem\",\"position\":2,\"name\":\"Les professionnels\",\"item\":\"https:\\\/\\\/www.fruseassociati.it\\\/fr\\\/i-professionisti\\\/\"},{\"@type\":\"ListItem\",\"position\":3,\"name\":\"Riccardo Michi\"}]},{\"@type\":\"WebSite\",\"@id\":\"https:\\\/\\\/www.fruseassociati.it\\\/fr\\\/#website\",\"url\":\"https:\\\/\\\/www.fruseassociati.it\\\/fr\\\/\",\"name\":\"Studio Legale Frus\",\"description\":\"\",\"potentialAction\":[{\"@type\":\"SearchAction\",\"target\":{\"@type\":\"EntryPoint\",\"urlTemplate\":\"https:\\\/\\\/www.fruseassociati.it\\\/fr\\\/?s={search_term_string}\"},\"query-input\":{\"@type\":\"PropertyValueSpecification\",\"valueRequired\":true,\"valueName\":\"search_term_string\"}}],\"inLanguage\":\"fr-FR\"}]}<\/script>\n<!-- \/ Yoast SEO plugin. -->","yoast_head_json":{"title":"Riccardo Michi - Studio Legale Frus","robots":{"index":"index","follow":"follow","max-snippet":"max-snippet:-1","max-image-preview":"max-image-preview:large","max-video-preview":"max-video-preview:-1"},"canonical":"https:\/\/www.fruseassociati.it\/fr\/les-professionnels\/riccardo-michi\/","og_locale":"fr_FR","og_type":"article","og_title":"Riccardo Michi - Studio Legale Frus","og_description":"Avocat Riccardo Michi riccardo.michi@studiolegalefrus.it T\u00e9l +39 011 56 20 257 T\u00e9l +39 011 56 13 240 T\u00e9l\u00e9copie +39 011 54 63 23 FORMATION: Universit\u00e9 de Turin,\u00a0dipl\u00f4m\u00e9\u00a0en droit HABILITATIONS: avocat inscrit au\u00a0Barreau de Turin LANGUES \u00c9TRANG\u00c8RES: anglais Riccardo Michi est dipl\u00f4m\u00e9 de la Facult\u00e9 de droit de l&rsquo;Universit\u00e9 de Turin avec une th\u00e8se sur le droit [&hellip;]","og_url":"https:\/\/www.fruseassociati.it\/fr\/les-professionnels\/riccardo-michi\/","og_site_name":"Studio Legale Frus","article_modified_time":"2024-07-31T16:35:39+00:00","og_image":[{"url":"https:\/\/www.fruseassociati.it\/wp-content\/uploads\/2021\/10\/ofcounsel1.webp","type":"","width":"","height":""}],"twitter_card":"summary_large_image","twitter_misc":{"Dur\u00e9e de lecture estim\u00e9e":"2 minutes"},"schema":{"@context":"https:\/\/schema.org","@graph":[{"@type":"WebPage","@id":"https:\/\/www.fruseassociati.it\/fr\/les-professionnels\/riccardo-michi\/","url":"https:\/\/www.fruseassociati.it\/fr\/les-professionnels\/riccardo-michi\/","name":"Riccardo Michi - Studio Legale Frus","isPartOf":{"@id":"https:\/\/www.fruseassociati.it\/fr\/#website"},"primaryImageOfPage":{"@id":"https:\/\/www.fruseassociati.it\/fr\/les-professionnels\/riccardo-michi\/#primaryimage"},"image":{"@id":"https:\/\/www.fruseassociati.it\/fr\/les-professionnels\/riccardo-michi\/#primaryimage"},"thumbnailUrl":"https:\/\/www.fruseassociati.it\/wp-content\/uploads\/2021\/10\/ofcounsel1.webp","datePublished":"2021-11-02T14:52:38+00:00","dateModified":"2024-07-31T16:35:39+00:00","breadcrumb":{"@id":"https:\/\/www.fruseassociati.it\/fr\/les-professionnels\/riccardo-michi\/#breadcrumb"},"inLanguage":"fr-FR","potentialAction":[{"@type":"ReadAction","target":["https:\/\/www.fruseassociati.it\/fr\/les-professionnels\/riccardo-michi\/"]}]},{"@type":"ImageObject","inLanguage":"fr-FR","@id":"https:\/\/www.fruseassociati.it\/fr\/les-professionnels\/riccardo-michi\/#primaryimage","url":"https:\/\/www.fruseassociati.it\/wp-content\/uploads\/2021\/10\/ofcounsel1.webp","contentUrl":"https:\/\/www.fruseassociati.it\/wp-content\/uploads\/2021\/10\/ofcounsel1.webp"},{"@type":"BreadcrumbList","@id":"https:\/\/www.fruseassociati.it\/fr\/les-professionnels\/riccardo-michi\/#breadcrumb","itemListElement":[{"@type":"ListItem","position":1,"name":"Home","item":"https:\/\/www.fruseassociati.it\/fr\/"},{"@type":"ListItem","position":2,"name":"Les professionnels","item":"https:\/\/www.fruseassociati.it\/fr\/i-professionisti\/"},{"@type":"ListItem","position":3,"name":"Riccardo Michi"}]},{"@type":"WebSite","@id":"https:\/\/www.fruseassociati.it\/fr\/#website","url":"https:\/\/www.fruseassociati.it\/fr\/","name":"Studio Legale Frus","description":"","potentialAction":[{"@type":"SearchAction","target":{"@type":"EntryPoint","urlTemplate":"https:\/\/www.fruseassociati.it\/fr\/?s={search_term_string}"},"query-input":{"@type":"PropertyValueSpecification","valueRequired":true,"valueName":"search_term_string"}}],"inLanguage":"fr-FR"}]}},"_links":{"self":[{"href":"https:\/\/www.fruseassociati.it\/fr\/wp-json\/wp\/v2\/pages\/725","targetHints":{"allow":["GET"]}}],"collection":[{"href":"https:\/\/www.fruseassociati.it\/fr\/wp-json\/wp\/v2\/pages"}],"about":[{"href":"https:\/\/www.fruseassociati.it\/fr\/wp-json\/wp\/v2\/types\/page"}],"author":[{"embeddable":true,"href":"https:\/\/www.fruseassociati.it\/fr\/wp-json\/wp\/v2\/users\/5"}],"replies":[{"embeddable":true,"href":"https:\/\/www.fruseassociati.it\/fr\/wp-json\/wp\/v2\/comments?post=725"}],"version-history":[{"count":7,"href":"https:\/\/www.fruseassociati.it\/fr\/wp-json\/wp\/v2\/pages\/725\/revisions"}],"predecessor-version":[{"id":2129,"href":"https:\/\/www.fruseassociati.it\/fr\/wp-json\/wp\/v2\/pages\/725\/revisions\/2129"}],"up":[{"embeddable":true,"href":"https:\/\/www.fruseassociati.it\/fr\/wp-json\/wp\/v2\/pages\/731"}],"wp:attachment":[{"href":"https:\/\/www.fruseassociati.it\/fr\/wp-json\/wp\/v2\/media?parent=725"}],"curies":[{"name":"wp","href":"https:\/\/api.w.org\/{rel}","templated":true}]}}