{"id":688,"date":"2021-11-02T11:55:08","date_gmt":"2021-11-02T10:55:08","guid":{"rendered":"https:\/\/studiofrus.archibuzz.tech\/droit-bancaire\/"},"modified":"2021-11-04T10:45:59","modified_gmt":"2021-11-04T09:45:59","slug":"droit-bancaire","status":"publish","type":"page","link":"https:\/\/www.fruseassociati.it\/fr\/activites\/droit-bancaire\/","title":{"rendered":"Droit bancaire"},"content":{"rendered":"\t\t<div data-elementor-type=\"wp-page\" data-elementor-id=\"688\" class=\"elementor elementor-688 elementor-323\">\n\t\t\t\t\t\t<section class=\"elementor-section elementor-top-section elementor-element elementor-element-7b70ef4d elementor-section-full_width elementor-section-height-min-height page-header attivita elementor-section-height-default elementor-section-items-middle\" data-id=\"7b70ef4d\" data-element_type=\"section\" data-e-type=\"section\" data-settings=\"{&quot;background_background&quot;:&quot;classic&quot;}\">\n\t\t\t\t\t\t\t<div class=\"elementor-background-overlay\"><\/div>\n\t\t\t\t\t\t\t<div class=\"elementor-container elementor-column-gap-default\">\n\t\t\t\t\t<div class=\"elementor-column elementor-col-100 elementor-top-column elementor-element elementor-element-2bab7540\" data-id=\"2bab7540\" data-element_type=\"column\" data-e-type=\"column\">\n\t\t\t<div class=\"elementor-widget-wrap elementor-element-populated\">\n\t\t\t\t\t\t<section class=\"elementor-section elementor-inner-section elementor-element elementor-element-7f858a09 attivita-title elementor-section-boxed elementor-section-height-default elementor-section-height-default\" data-id=\"7f858a09\" data-element_type=\"section\" data-e-type=\"section\">\n\t\t\t\t\t\t<div class=\"elementor-container elementor-column-gap-default\">\n\t\t\t\t\t<div class=\"elementor-column elementor-col-100 elementor-inner-column elementor-element elementor-element-7a67f7d0\" data-id=\"7a67f7d0\" data-element_type=\"column\" data-e-type=\"column\">\n\t\t\t<div class=\"elementor-widget-wrap elementor-element-populated\">\n\t\t\t\t\t\t<div class=\"elementor-element elementor-element-65c9d48b elementor-invisible elementor-widget elementor-widget-heading\" data-id=\"65c9d48b\" data-element_type=\"widget\" data-e-type=\"widget\" data-settings=\"{&quot;_animation&quot;:&quot;fadeInLeft&quot;}\" data-widget_type=\"heading.default\">\n\t\t\t\t<div class=\"elementor-widget-container\">\n\t\t\t\t\t<h1 class=\"elementor-heading-title elementor-size-default\">Droit bancaire<\/h1>\t\t\t\t<\/div>\n\t\t\t\t<\/div>\n\t\t\t\t\t<\/div>\n\t\t<\/div>\n\t\t\t\t\t<\/div>\n\t\t<\/section>\n\t\t\t\t\t<\/div>\n\t\t<\/div>\n\t\t\t\t\t<\/div>\n\t\t<\/section>\n\t\t\t\t<section class=\"elementor-section elementor-top-section elementor-element elementor-element-d6d2a07 elementor-section-boxed elementor-section-height-default elementor-section-height-default\" data-id=\"d6d2a07\" data-element_type=\"section\" data-e-type=\"section\">\n\t\t\t\t\t\t<div class=\"elementor-container elementor-column-gap-default\">\n\t\t\t\t\t<div class=\"elementor-column elementor-col-100 elementor-top-column elementor-element elementor-element-2ab887ef\" data-id=\"2ab887ef\" data-element_type=\"column\" data-e-type=\"column\">\n\t\t\t<div class=\"elementor-widget-wrap elementor-element-populated\">\n\t\t\t\t\t\t<section class=\"elementor-section elementor-inner-section elementor-element elementor-element-6142c85 attivita-text elementor-section-boxed elementor-section-height-default elementor-section-height-default\" data-id=\"6142c85\" data-element_type=\"section\" data-e-type=\"section\">\n\t\t\t\t\t\t<div class=\"elementor-container elementor-column-gap-default\">\n\t\t\t\t\t<div class=\"elementor-column elementor-col-100 elementor-inner-column elementor-element elementor-element-4b37593a\" data-id=\"4b37593a\" data-element_type=\"column\" data-e-type=\"column\">\n\t\t\t<div class=\"elementor-widget-wrap elementor-element-populated\">\n\t\t\t\t\t\t<div class=\"elementor-element elementor-element-7a427d22 elementor-invisible elementor-widget elementor-widget-text-editor\" data-id=\"7a427d22\" data-element_type=\"widget\" data-e-type=\"widget\" data-settings=\"{&quot;_animation&quot;:&quot;fadeInLeft&quot;}\" data-widget_type=\"text-editor.default\">\n\t\t\t\t<div class=\"elementor-widget-container\">\n\t\t\t\t\t\t\t\t\t<p class=\"text-align-justify\">Conseil et assistance en mati\u00e8re de droit bancaire, ainsi que dans les contentieux relatifs aux pratiques usuraires, au respect des r\u00e8gles sur l\u2019interm\u00e9diation en valeurs mobili\u00e8res, au blocage des lignes de cr\u00e9dit en raison de d\u00e9claration ill\u00e9gitime en mati\u00e8res de risques et \u00e0 tout aspect de la relation entre les \u00e9tablissements bancaires et leurs clients.<\/p>\n\t\t\t\t\t\t\t\t<\/div>\n\t\t\t\t<\/div>\n\t\t\t\t\t<\/div>\n\t\t<\/div>\n\t\t\t\t\t<\/div>\n\t\t<\/section>\n\t\t\t\t\t<\/div>\n\t\t<\/div>\n\t\t\t\t\t<\/div>\n\t\t<\/section>\n\t\t\t\t<\/div>\n\t\t","protected":false},"excerpt":{"rendered":"<p>Droit bancaire Conseil et assistance en mati\u00e8re de droit bancaire, ainsi que dans les contentieux relatifs aux pratiques usuraires, au respect des r\u00e8gles sur l\u2019interm\u00e9diation en valeurs mobili\u00e8res, au blocage des lignes de cr\u00e9dit en raison de d\u00e9claration ill\u00e9gitime en mati\u00e8res de risques et \u00e0 tout aspect de la relation entre les \u00e9tablissements bancaires et [&hellip;]<\/p>\n","protected":false},"author":5,"featured_media":0,"parent":694,"menu_order":0,"comment_status":"closed","ping_status":"closed","template":"fullwidth-no-container.php","meta":{"footnotes":""},"class_list":["post-688","page","type-page","status-publish","hentry"],"yoast_head":"<!-- This site is optimized with the Yoast SEO plugin v27.5 - https:\/\/yoast.com\/product\/yoast-seo-wordpress\/ -->\n<title>Droit bancaire - Studio Legale Frus<\/title>\n<meta name=\"robots\" content=\"index, follow, max-snippet:-1, max-image-preview:large, max-video-preview:-1\" \/>\n<link rel=\"canonical\" href=\"https:\/\/www.fruseassociati.it\/fr\/activites\/droit-bancaire\/\" \/>\n<meta property=\"og:locale\" content=\"fr_FR\" \/>\n<meta property=\"og:type\" content=\"article\" \/>\n<meta property=\"og:title\" content=\"Droit bancaire - Studio Legale Frus\" \/>\n<meta property=\"og:description\" content=\"Droit bancaire Conseil et assistance en mati\u00e8re de droit bancaire, ainsi que dans les contentieux relatifs aux pratiques usuraires, au respect des r\u00e8gles sur l\u2019interm\u00e9diation en valeurs mobili\u00e8res, au blocage des lignes de cr\u00e9dit en raison de d\u00e9claration ill\u00e9gitime en mati\u00e8res de risques et \u00e0 tout aspect de la relation entre les \u00e9tablissements bancaires et [&hellip;]\" \/>\n<meta property=\"og:url\" content=\"https:\/\/www.fruseassociati.it\/fr\/activites\/droit-bancaire\/\" \/>\n<meta property=\"og:site_name\" content=\"Studio Legale Frus\" \/>\n<meta property=\"article:modified_time\" content=\"2021-11-04T09:45:59+00:00\" \/>\n<meta name=\"twitter:card\" content=\"summary_large_image\" \/>\n<meta name=\"twitter:label1\" content=\"Dur\u00e9e de lecture estim\u00e9e\" \/>\n\t<meta name=\"twitter:data1\" content=\"1 minute\" \/>\n<script type=\"application\/ld+json\" class=\"yoast-schema-graph\">{\"@context\":\"https:\\\/\\\/schema.org\",\"@graph\":[{\"@type\":\"WebPage\",\"@id\":\"https:\\\/\\\/www.fruseassociati.it\\\/fr\\\/activites\\\/droit-bancaire\\\/\",\"url\":\"https:\\\/\\\/www.fruseassociati.it\\\/fr\\\/activites\\\/droit-bancaire\\\/\",\"name\":\"Droit bancaire - Studio Legale Frus\",\"isPartOf\":{\"@id\":\"https:\\\/\\\/www.fruseassociati.it\\\/fr\\\/#website\"},\"datePublished\":\"2021-11-02T10:55:08+00:00\",\"dateModified\":\"2021-11-04T09:45:59+00:00\",\"breadcrumb\":{\"@id\":\"https:\\\/\\\/www.fruseassociati.it\\\/fr\\\/activites\\\/droit-bancaire\\\/#breadcrumb\"},\"inLanguage\":\"fr-FR\",\"potentialAction\":[{\"@type\":\"ReadAction\",\"target\":[\"https:\\\/\\\/www.fruseassociati.it\\\/fr\\\/activites\\\/droit-bancaire\\\/\"]}]},{\"@type\":\"BreadcrumbList\",\"@id\":\"https:\\\/\\\/www.fruseassociati.it\\\/fr\\\/activites\\\/droit-bancaire\\\/#breadcrumb\",\"itemListElement\":[{\"@type\":\"ListItem\",\"position\":1,\"name\":\"Home\",\"item\":\"https:\\\/\\\/www.fruseassociati.it\\\/fr\\\/\"},{\"@type\":\"ListItem\",\"position\":2,\"name\":\"Activit\u00e9s\",\"item\":\"https:\\\/\\\/www.fruseassociati.it\\\/fr\\\/activites\\\/\"},{\"@type\":\"ListItem\",\"position\":3,\"name\":\"Droit bancaire\"}]},{\"@type\":\"WebSite\",\"@id\":\"https:\\\/\\\/www.fruseassociati.it\\\/fr\\\/#website\",\"url\":\"https:\\\/\\\/www.fruseassociati.it\\\/fr\\\/\",\"name\":\"Studio Legale Frus\",\"description\":\"\",\"potentialAction\":[{\"@type\":\"SearchAction\",\"target\":{\"@type\":\"EntryPoint\",\"urlTemplate\":\"https:\\\/\\\/www.fruseassociati.it\\\/fr\\\/?s={search_term_string}\"},\"query-input\":{\"@type\":\"PropertyValueSpecification\",\"valueRequired\":true,\"valueName\":\"search_term_string\"}}],\"inLanguage\":\"fr-FR\"}]}<\/script>\n<!-- \/ Yoast SEO plugin. -->","yoast_head_json":{"title":"Droit bancaire - Studio Legale Frus","robots":{"index":"index","follow":"follow","max-snippet":"max-snippet:-1","max-image-preview":"max-image-preview:large","max-video-preview":"max-video-preview:-1"},"canonical":"https:\/\/www.fruseassociati.it\/fr\/activites\/droit-bancaire\/","og_locale":"fr_FR","og_type":"article","og_title":"Droit bancaire - Studio Legale Frus","og_description":"Droit bancaire Conseil et assistance en mati\u00e8re de droit bancaire, ainsi que dans les contentieux relatifs aux pratiques usuraires, au respect des r\u00e8gles sur l\u2019interm\u00e9diation en valeurs mobili\u00e8res, au blocage des lignes de cr\u00e9dit en raison de d\u00e9claration ill\u00e9gitime en mati\u00e8res de risques et \u00e0 tout aspect de la relation entre les \u00e9tablissements bancaires et [&hellip;]","og_url":"https:\/\/www.fruseassociati.it\/fr\/activites\/droit-bancaire\/","og_site_name":"Studio Legale Frus","article_modified_time":"2021-11-04T09:45:59+00:00","twitter_card":"summary_large_image","twitter_misc":{"Dur\u00e9e de lecture estim\u00e9e":"1 minute"},"schema":{"@context":"https:\/\/schema.org","@graph":[{"@type":"WebPage","@id":"https:\/\/www.fruseassociati.it\/fr\/activites\/droit-bancaire\/","url":"https:\/\/www.fruseassociati.it\/fr\/activites\/droit-bancaire\/","name":"Droit bancaire - Studio Legale Frus","isPartOf":{"@id":"https:\/\/www.fruseassociati.it\/fr\/#website"},"datePublished":"2021-11-02T10:55:08+00:00","dateModified":"2021-11-04T09:45:59+00:00","breadcrumb":{"@id":"https:\/\/www.fruseassociati.it\/fr\/activites\/droit-bancaire\/#breadcrumb"},"inLanguage":"fr-FR","potentialAction":[{"@type":"ReadAction","target":["https:\/\/www.fruseassociati.it\/fr\/activites\/droit-bancaire\/"]}]},{"@type":"BreadcrumbList","@id":"https:\/\/www.fruseassociati.it\/fr\/activites\/droit-bancaire\/#breadcrumb","itemListElement":[{"@type":"ListItem","position":1,"name":"Home","item":"https:\/\/www.fruseassociati.it\/fr\/"},{"@type":"ListItem","position":2,"name":"Activit\u00e9s","item":"https:\/\/www.fruseassociati.it\/fr\/activites\/"},{"@type":"ListItem","position":3,"name":"Droit bancaire"}]},{"@type":"WebSite","@id":"https:\/\/www.fruseassociati.it\/fr\/#website","url":"https:\/\/www.fruseassociati.it\/fr\/","name":"Studio Legale Frus","description":"","potentialAction":[{"@type":"SearchAction","target":{"@type":"EntryPoint","urlTemplate":"https:\/\/www.fruseassociati.it\/fr\/?s={search_term_string}"},"query-input":{"@type":"PropertyValueSpecification","valueRequired":true,"valueName":"search_term_string"}}],"inLanguage":"fr-FR"}]}},"_links":{"self":[{"href":"https:\/\/www.fruseassociati.it\/fr\/wp-json\/wp\/v2\/pages\/688","targetHints":{"allow":["GET"]}}],"collection":[{"href":"https:\/\/www.fruseassociati.it\/fr\/wp-json\/wp\/v2\/pages"}],"about":[{"href":"https:\/\/www.fruseassociati.it\/fr\/wp-json\/wp\/v2\/types\/page"}],"author":[{"embeddable":true,"href":"https:\/\/www.fruseassociati.it\/fr\/wp-json\/wp\/v2\/users\/5"}],"replies":[{"embeddable":true,"href":"https:\/\/www.fruseassociati.it\/fr\/wp-json\/wp\/v2\/comments?post=688"}],"version-history":[{"count":4,"href":"https:\/\/www.fruseassociati.it\/fr\/wp-json\/wp\/v2\/pages\/688\/revisions"}],"predecessor-version":[{"id":991,"href":"https:\/\/www.fruseassociati.it\/fr\/wp-json\/wp\/v2\/pages\/688\/revisions\/991"}],"up":[{"embeddable":true,"href":"https:\/\/www.fruseassociati.it\/fr\/wp-json\/wp\/v2\/pages\/694"}],"wp:attachment":[{"href":"https:\/\/www.fruseassociati.it\/fr\/wp-json\/wp\/v2\/media?parent=688"}],"curies":[{"name":"wp","href":"https:\/\/api.w.org\/{rel}","templated":true}]}}