{"id":682,"date":"2021-11-02T11:53:20","date_gmt":"2021-11-02T10:53:20","guid":{"rendered":"https:\/\/studiofrus.archibuzz.tech\/contentieux-et-arbitrages\/"},"modified":"2021-11-04T10:45:53","modified_gmt":"2021-11-04T09:45:53","slug":"contentieux-et-arbitrages","status":"publish","type":"page","link":"https:\/\/www.fruseassociati.it\/fr\/activites\/contentieux-et-arbitrages\/","title":{"rendered":"Contentieux et arbitrages"},"content":{"rendered":"\t\t<div data-elementor-type=\"wp-page\" data-elementor-id=\"682\" class=\"elementor elementor-682 elementor-297\">\n\t\t\t\t\t\t<section class=\"elementor-section elementor-top-section elementor-element elementor-element-c54c409 elementor-section-full_width elementor-section-height-min-height page-header attivita elementor-section-height-default elementor-section-items-middle\" data-id=\"c54c409\" data-element_type=\"section\" data-e-type=\"section\" data-settings=\"{&quot;background_background&quot;:&quot;classic&quot;}\">\n\t\t\t\t\t\t\t<div class=\"elementor-background-overlay\"><\/div>\n\t\t\t\t\t\t\t<div class=\"elementor-container elementor-column-gap-default\">\n\t\t\t\t\t<div class=\"elementor-column elementor-col-100 elementor-top-column elementor-element elementor-element-5884f64b\" data-id=\"5884f64b\" data-element_type=\"column\" data-e-type=\"column\">\n\t\t\t<div class=\"elementor-widget-wrap elementor-element-populated\">\n\t\t\t\t\t\t<section class=\"elementor-section elementor-inner-section elementor-element elementor-element-240055ad attivita-title elementor-section-boxed elementor-section-height-default elementor-section-height-default\" data-id=\"240055ad\" data-element_type=\"section\" data-e-type=\"section\">\n\t\t\t\t\t\t<div class=\"elementor-container elementor-column-gap-default\">\n\t\t\t\t\t<div class=\"elementor-column elementor-col-100 elementor-inner-column elementor-element elementor-element-21fd75d8\" data-id=\"21fd75d8\" data-element_type=\"column\" data-e-type=\"column\">\n\t\t\t<div class=\"elementor-widget-wrap elementor-element-populated\">\n\t\t\t\t\t\t<div class=\"elementor-element elementor-element-ec3260 elementor-invisible elementor-widget elementor-widget-heading\" data-id=\"ec3260\" data-element_type=\"widget\" data-e-type=\"widget\" data-settings=\"{&quot;_animation&quot;:&quot;fadeInLeft&quot;}\" data-widget_type=\"heading.default\">\n\t\t\t\t<div class=\"elementor-widget-container\">\n\t\t\t\t\t<h1 class=\"elementor-heading-title elementor-size-default\">Contentieux et arbitrages<\/h1>\t\t\t\t<\/div>\n\t\t\t\t<\/div>\n\t\t\t\t\t<\/div>\n\t\t<\/div>\n\t\t\t\t\t<\/div>\n\t\t<\/section>\n\t\t\t\t\t<\/div>\n\t\t<\/div>\n\t\t\t\t\t<\/div>\n\t\t<\/section>\n\t\t\t\t<section class=\"elementor-section elementor-top-section elementor-element elementor-element-39e7df77 elementor-section-boxed elementor-section-height-default elementor-section-height-default\" data-id=\"39e7df77\" data-element_type=\"section\" data-e-type=\"section\">\n\t\t\t\t\t\t<div class=\"elementor-container elementor-column-gap-default\">\n\t\t\t\t\t<div class=\"elementor-column elementor-col-100 elementor-top-column elementor-element elementor-element-578add69\" data-id=\"578add69\" data-element_type=\"column\" data-e-type=\"column\">\n\t\t\t<div class=\"elementor-widget-wrap elementor-element-populated\">\n\t\t\t\t\t\t<section class=\"elementor-section elementor-inner-section elementor-element elementor-element-c67788 attivita-text elementor-section-boxed elementor-section-height-default elementor-section-height-default\" data-id=\"c67788\" data-element_type=\"section\" data-e-type=\"section\">\n\t\t\t\t\t\t<div class=\"elementor-container elementor-column-gap-default\">\n\t\t\t\t\t<div class=\"elementor-column elementor-col-100 elementor-inner-column elementor-element elementor-element-8d18bd0\" data-id=\"8d18bd0\" data-element_type=\"column\" data-e-type=\"column\">\n\t\t\t<div class=\"elementor-widget-wrap elementor-element-populated\">\n\t\t\t\t\t\t<div class=\"elementor-element elementor-element-6d4ea040 elementor-invisible elementor-widget elementor-widget-text-editor\" data-id=\"6d4ea040\" data-element_type=\"widget\" data-e-type=\"widget\" data-settings=\"{&quot;_animation&quot;:&quot;fadeInLeft&quot;}\" data-widget_type=\"text-editor.default\">\n\t\t\t\t<div class=\"elementor-widget-container\">\n\t\t\t\t\t\t\t\t\t<p class=\"text-align-justify\">Le Cabinet prot\u00e8ge ses Clients dans les litiges relatifs aux questions civiles, au droit du travail, commercial, des entreprises, bancaire, des faillites, du secteur priv\u00e9, des affaires et de la concurrence, sur tout le territoire national, \u00e0 chaque phase ou stade de la proc\u00e9dure correspondante, y compris aupr\u00e8s de la Cour de cassation et des coll\u00e8ges d&rsquo;arbitrage, faisant \u00e9galement appel aux connaissances techniques et \u00e0 l&rsquo;exp\u00e9rience de certains de ses membres, professeurs de droit de proc\u00e9dure civile au D\u00e9partement de droit de l&rsquo;Universit\u00e9 de Turin.<\/p>\n\t\t\t\t\t\t\t\t<\/div>\n\t\t\t\t<\/div>\n\t\t\t\t\t<\/div>\n\t\t<\/div>\n\t\t\t\t\t<\/div>\n\t\t<\/section>\n\t\t\t\t\t<\/div>\n\t\t<\/div>\n\t\t\t\t\t<\/div>\n\t\t<\/section>\n\t\t\t\t<\/div>\n\t\t","protected":false},"excerpt":{"rendered":"<p>Contentieux et arbitrages Le Cabinet prot\u00e8ge ses Clients dans les litiges relatifs aux questions civiles, au droit du travail, commercial, des entreprises, bancaire, des faillites, du secteur priv\u00e9, des affaires et de la concurrence, sur tout le territoire national, \u00e0 chaque phase ou stade de la proc\u00e9dure correspondante, y compris aupr\u00e8s de la Cour de [&hellip;]<\/p>\n","protected":false},"author":5,"featured_media":0,"parent":694,"menu_order":0,"comment_status":"closed","ping_status":"closed","template":"fullwidth-no-container.php","meta":{"footnotes":""},"class_list":["post-682","page","type-page","status-publish","hentry"],"yoast_head":"<!-- This site is optimized with the Yoast SEO plugin v27.5 - https:\/\/yoast.com\/product\/yoast-seo-wordpress\/ -->\n<title>Contentieux et arbitrages - Studio Legale Frus<\/title>\n<meta name=\"robots\" content=\"index, follow, max-snippet:-1, max-image-preview:large, max-video-preview:-1\" \/>\n<link rel=\"canonical\" href=\"https:\/\/www.fruseassociati.it\/fr\/activites\/contentieux-et-arbitrages\/\" \/>\n<meta property=\"og:locale\" content=\"fr_FR\" \/>\n<meta property=\"og:type\" content=\"article\" \/>\n<meta property=\"og:title\" content=\"Contentieux et arbitrages - Studio Legale Frus\" \/>\n<meta property=\"og:description\" content=\"Contentieux et arbitrages Le Cabinet prot\u00e8ge ses Clients dans les litiges relatifs aux questions civiles, au droit du travail, commercial, des entreprises, bancaire, des faillites, du secteur priv\u00e9, des affaires et de la concurrence, sur tout le territoire national, \u00e0 chaque phase ou stade de la proc\u00e9dure correspondante, y compris aupr\u00e8s de la Cour de [&hellip;]\" \/>\n<meta property=\"og:url\" content=\"https:\/\/www.fruseassociati.it\/fr\/activites\/contentieux-et-arbitrages\/\" \/>\n<meta property=\"og:site_name\" content=\"Studio Legale Frus\" \/>\n<meta property=\"article:modified_time\" content=\"2021-11-04T09:45:53+00:00\" \/>\n<meta name=\"twitter:card\" content=\"summary_large_image\" \/>\n<meta name=\"twitter:label1\" content=\"Dur\u00e9e de lecture estim\u00e9e\" \/>\n\t<meta name=\"twitter:data1\" content=\"1 minute\" \/>\n<script type=\"application\/ld+json\" class=\"yoast-schema-graph\">{\"@context\":\"https:\\\/\\\/schema.org\",\"@graph\":[{\"@type\":\"WebPage\",\"@id\":\"https:\\\/\\\/www.fruseassociati.it\\\/fr\\\/activites\\\/contentieux-et-arbitrages\\\/\",\"url\":\"https:\\\/\\\/www.fruseassociati.it\\\/fr\\\/activites\\\/contentieux-et-arbitrages\\\/\",\"name\":\"Contentieux et arbitrages - Studio Legale Frus\",\"isPartOf\":{\"@id\":\"https:\\\/\\\/www.fruseassociati.it\\\/fr\\\/#website\"},\"datePublished\":\"2021-11-02T10:53:20+00:00\",\"dateModified\":\"2021-11-04T09:45:53+00:00\",\"breadcrumb\":{\"@id\":\"https:\\\/\\\/www.fruseassociati.it\\\/fr\\\/activites\\\/contentieux-et-arbitrages\\\/#breadcrumb\"},\"inLanguage\":\"fr-FR\",\"potentialAction\":[{\"@type\":\"ReadAction\",\"target\":[\"https:\\\/\\\/www.fruseassociati.it\\\/fr\\\/activites\\\/contentieux-et-arbitrages\\\/\"]}]},{\"@type\":\"BreadcrumbList\",\"@id\":\"https:\\\/\\\/www.fruseassociati.it\\\/fr\\\/activites\\\/contentieux-et-arbitrages\\\/#breadcrumb\",\"itemListElement\":[{\"@type\":\"ListItem\",\"position\":1,\"name\":\"Home\",\"item\":\"https:\\\/\\\/www.fruseassociati.it\\\/fr\\\/\"},{\"@type\":\"ListItem\",\"position\":2,\"name\":\"Activit\u00e9s\",\"item\":\"https:\\\/\\\/www.fruseassociati.it\\\/fr\\\/activites\\\/\"},{\"@type\":\"ListItem\",\"position\":3,\"name\":\"Contentieux et arbitrages\"}]},{\"@type\":\"WebSite\",\"@id\":\"https:\\\/\\\/www.fruseassociati.it\\\/fr\\\/#website\",\"url\":\"https:\\\/\\\/www.fruseassociati.it\\\/fr\\\/\",\"name\":\"Studio Legale Frus\",\"description\":\"\",\"potentialAction\":[{\"@type\":\"SearchAction\",\"target\":{\"@type\":\"EntryPoint\",\"urlTemplate\":\"https:\\\/\\\/www.fruseassociati.it\\\/fr\\\/?s={search_term_string}\"},\"query-input\":{\"@type\":\"PropertyValueSpecification\",\"valueRequired\":true,\"valueName\":\"search_term_string\"}}],\"inLanguage\":\"fr-FR\"}]}<\/script>\n<!-- \/ Yoast SEO plugin. -->","yoast_head_json":{"title":"Contentieux et arbitrages - Studio Legale Frus","robots":{"index":"index","follow":"follow","max-snippet":"max-snippet:-1","max-image-preview":"max-image-preview:large","max-video-preview":"max-video-preview:-1"},"canonical":"https:\/\/www.fruseassociati.it\/fr\/activites\/contentieux-et-arbitrages\/","og_locale":"fr_FR","og_type":"article","og_title":"Contentieux et arbitrages - Studio Legale Frus","og_description":"Contentieux et arbitrages Le Cabinet prot\u00e8ge ses Clients dans les litiges relatifs aux questions civiles, au droit du travail, commercial, des entreprises, bancaire, des faillites, du secteur priv\u00e9, des affaires et de la concurrence, sur tout le territoire national, \u00e0 chaque phase ou stade de la proc\u00e9dure correspondante, y compris aupr\u00e8s de la Cour de [&hellip;]","og_url":"https:\/\/www.fruseassociati.it\/fr\/activites\/contentieux-et-arbitrages\/","og_site_name":"Studio Legale Frus","article_modified_time":"2021-11-04T09:45:53+00:00","twitter_card":"summary_large_image","twitter_misc":{"Dur\u00e9e de lecture estim\u00e9e":"1 minute"},"schema":{"@context":"https:\/\/schema.org","@graph":[{"@type":"WebPage","@id":"https:\/\/www.fruseassociati.it\/fr\/activites\/contentieux-et-arbitrages\/","url":"https:\/\/www.fruseassociati.it\/fr\/activites\/contentieux-et-arbitrages\/","name":"Contentieux et arbitrages - Studio Legale Frus","isPartOf":{"@id":"https:\/\/www.fruseassociati.it\/fr\/#website"},"datePublished":"2021-11-02T10:53:20+00:00","dateModified":"2021-11-04T09:45:53+00:00","breadcrumb":{"@id":"https:\/\/www.fruseassociati.it\/fr\/activites\/contentieux-et-arbitrages\/#breadcrumb"},"inLanguage":"fr-FR","potentialAction":[{"@type":"ReadAction","target":["https:\/\/www.fruseassociati.it\/fr\/activites\/contentieux-et-arbitrages\/"]}]},{"@type":"BreadcrumbList","@id":"https:\/\/www.fruseassociati.it\/fr\/activites\/contentieux-et-arbitrages\/#breadcrumb","itemListElement":[{"@type":"ListItem","position":1,"name":"Home","item":"https:\/\/www.fruseassociati.it\/fr\/"},{"@type":"ListItem","position":2,"name":"Activit\u00e9s","item":"https:\/\/www.fruseassociati.it\/fr\/activites\/"},{"@type":"ListItem","position":3,"name":"Contentieux et arbitrages"}]},{"@type":"WebSite","@id":"https:\/\/www.fruseassociati.it\/fr\/#website","url":"https:\/\/www.fruseassociati.it\/fr\/","name":"Studio Legale Frus","description":"","potentialAction":[{"@type":"SearchAction","target":{"@type":"EntryPoint","urlTemplate":"https:\/\/www.fruseassociati.it\/fr\/?s={search_term_string}"},"query-input":{"@type":"PropertyValueSpecification","valueRequired":true,"valueName":"search_term_string"}}],"inLanguage":"fr-FR"}]}},"_links":{"self":[{"href":"https:\/\/www.fruseassociati.it\/fr\/wp-json\/wp\/v2\/pages\/682","targetHints":{"allow":["GET"]}}],"collection":[{"href":"https:\/\/www.fruseassociati.it\/fr\/wp-json\/wp\/v2\/pages"}],"about":[{"href":"https:\/\/www.fruseassociati.it\/fr\/wp-json\/wp\/v2\/types\/page"}],"author":[{"embeddable":true,"href":"https:\/\/www.fruseassociati.it\/fr\/wp-json\/wp\/v2\/users\/5"}],"replies":[{"embeddable":true,"href":"https:\/\/www.fruseassociati.it\/fr\/wp-json\/wp\/v2\/comments?post=682"}],"version-history":[{"count":4,"href":"https:\/\/www.fruseassociati.it\/fr\/wp-json\/wp\/v2\/pages\/682\/revisions"}],"predecessor-version":[{"id":988,"href":"https:\/\/www.fruseassociati.it\/fr\/wp-json\/wp\/v2\/pages\/682\/revisions\/988"}],"up":[{"embeddable":true,"href":"https:\/\/www.fruseassociati.it\/fr\/wp-json\/wp\/v2\/pages\/694"}],"wp:attachment":[{"href":"https:\/\/www.fruseassociati.it\/fr\/wp-json\/wp\/v2\/media?parent=682"}],"curies":[{"name":"wp","href":"https:\/\/api.w.org\/{rel}","templated":true}]}}