{"id":678,"date":"2021-11-02T11:47:56","date_gmt":"2021-11-02T10:47:56","guid":{"rendered":"https:\/\/studiofrus.archibuzz.tech\/droit-du-travail\/"},"modified":"2021-11-04T10:46:28","modified_gmt":"2021-11-04T09:46:28","slug":"droit-du-travail","status":"publish","type":"page","link":"https:\/\/www.fruseassociati.it\/fr\/activites\/droit-du-travail\/","title":{"rendered":"Droit du travail"},"content":{"rendered":"\t\t<div data-elementor-type=\"wp-page\" data-elementor-id=\"678\" class=\"elementor elementor-678 elementor-242\">\n\t\t\t\t\t\t<section class=\"elementor-section elementor-top-section elementor-element elementor-element-27eed67 elementor-section-full_width elementor-section-height-min-height page-header attivita elementor-section-height-default elementor-section-items-middle\" data-id=\"27eed67\" data-element_type=\"section\" data-e-type=\"section\" data-settings=\"{&quot;background_background&quot;:&quot;classic&quot;}\">\n\t\t\t\t\t\t\t<div class=\"elementor-background-overlay\"><\/div>\n\t\t\t\t\t\t\t<div class=\"elementor-container elementor-column-gap-default\">\n\t\t\t\t\t<div class=\"elementor-column elementor-col-100 elementor-top-column elementor-element elementor-element-81a3f15\" data-id=\"81a3f15\" data-element_type=\"column\" data-e-type=\"column\">\n\t\t\t<div class=\"elementor-widget-wrap elementor-element-populated\">\n\t\t\t\t\t\t<section class=\"elementor-section elementor-inner-section elementor-element elementor-element-3130c93 attivita-title elementor-section-boxed elementor-section-height-default elementor-section-height-default\" data-id=\"3130c93\" data-element_type=\"section\" data-e-type=\"section\">\n\t\t\t\t\t\t<div class=\"elementor-container elementor-column-gap-default\">\n\t\t\t\t\t<div class=\"elementor-column elementor-col-100 elementor-inner-column elementor-element elementor-element-02cbb70\" data-id=\"02cbb70\" data-element_type=\"column\" data-e-type=\"column\">\n\t\t\t<div class=\"elementor-widget-wrap elementor-element-populated\">\n\t\t\t\t\t\t<div class=\"elementor-element elementor-element-d0783ac elementor-invisible elementor-widget elementor-widget-heading\" data-id=\"d0783ac\" data-element_type=\"widget\" data-e-type=\"widget\" data-settings=\"{&quot;_animation&quot;:&quot;fadeInLeft&quot;}\" data-widget_type=\"heading.default\">\n\t\t\t\t<div class=\"elementor-widget-container\">\n\t\t\t\t\t<h1 class=\"elementor-heading-title elementor-size-default\">Droit du travail, syndical et de la s\u00e9curit\u00e9 sociale<\/h1>\t\t\t\t<\/div>\n\t\t\t\t<\/div>\n\t\t\t\t\t<\/div>\n\t\t<\/div>\n\t\t\t\t\t<\/div>\n\t\t<\/section>\n\t\t\t\t\t<\/div>\n\t\t<\/div>\n\t\t\t\t\t<\/div>\n\t\t<\/section>\n\t\t\t\t<section class=\"elementor-section elementor-top-section elementor-element elementor-element-bc3be9a elementor-section-boxed elementor-section-height-default elementor-section-height-default\" data-id=\"bc3be9a\" data-element_type=\"section\" data-e-type=\"section\">\n\t\t\t\t\t\t<div class=\"elementor-container elementor-column-gap-default\">\n\t\t\t\t\t<div class=\"elementor-column elementor-col-100 elementor-top-column elementor-element elementor-element-c4b0424\" data-id=\"c4b0424\" data-element_type=\"column\" data-e-type=\"column\">\n\t\t\t<div class=\"elementor-widget-wrap elementor-element-populated\">\n\t\t\t\t\t\t<section class=\"elementor-section elementor-inner-section elementor-element elementor-element-8a0252c attivita-text elementor-section-boxed elementor-section-height-default elementor-section-height-default\" data-id=\"8a0252c\" data-element_type=\"section\" data-e-type=\"section\">\n\t\t\t\t\t\t<div class=\"elementor-container elementor-column-gap-default\">\n\t\t\t\t\t<div class=\"elementor-column elementor-col-100 elementor-inner-column elementor-element elementor-element-b60708a\" data-id=\"b60708a\" data-element_type=\"column\" data-e-type=\"column\">\n\t\t\t<div class=\"elementor-widget-wrap elementor-element-populated\">\n\t\t\t\t\t\t<div class=\"elementor-element elementor-element-dc21594 elementor-invisible elementor-widget elementor-widget-text-editor\" data-id=\"dc21594\" data-element_type=\"widget\" data-e-type=\"widget\" data-settings=\"{&quot;_animation&quot;:&quot;fadeInLeft&quot;}\" data-widget_type=\"text-editor.default\">\n\t\t\t\t<div class=\"elementor-widget-container\">\n\t\t\t\t\t\t\t\t\t<p>Le Cabinet exerce une activit\u00e9 professionnelle en particulier dans les secteurs suivants :<\/p>\n<ul class=\"defaultList\">\n<li>Droit du travail<\/li>\n<li>Droit syndical<\/li>\n<li>Droit social<\/li>\n<li>Conseil pour le bien-\u00eatre en entreprise<\/li>\n<li>Restructuration des entreprises<\/li>\n<li>R\u00e8glements et politiques des entreprises<\/li>\n<\/ul>\n<p>L&rsquo;activit\u00e9 vise principalement \u00e0 prot\u00e9ger les int\u00e9r\u00eats des employeurs et des dirigeants.<\/p>\n<p>Le cabinet apporte assistance et conseil pour les activit\u00e9s suivantes cit\u00e9es \u00e0 titre d&rsquo;exemples :<\/p>\n\t\t\t\t\t\t\t\t<\/div>\n\t\t\t\t<\/div>\n\t\t\t\t\t<\/div>\n\t\t<\/div>\n\t\t\t\t\t<\/div>\n\t\t<\/section>\n\t\t\t\t<section class=\"elementor-section elementor-inner-section elementor-element elementor-element-ca55565 elementor-section-boxed elementor-section-height-default elementor-section-height-default\" data-id=\"ca55565\" data-element_type=\"section\" data-e-type=\"section\">\n\t\t\t\t\t\t<div class=\"elementor-container elementor-column-gap-default\">\n\t\t\t\t\t<div class=\"elementor-column elementor-col-50 elementor-inner-column elementor-element elementor-element-ec3a54e elementor-invisible\" data-id=\"ec3a54e\" data-element_type=\"column\" data-e-type=\"column\" data-settings=\"{&quot;animation&quot;:&quot;fadeInLeft&quot;}\">\n\t\t\t<div class=\"elementor-widget-wrap elementor-element-populated\">\n\t\t\t\t\t\t<div class=\"elementor-element elementor-element-107f165 elementor-widget elementor-widget-text-editor\" data-id=\"107f165\" data-element_type=\"widget\" data-e-type=\"widget\" data-widget_type=\"text-editor.default\">\n\t\t\t\t<div class=\"elementor-widget-container\">\n\t\t\t\t\t\t\t\t\t<ul class=\"innerList defaultList\">\n<li>r\u00e9daction des contrats de travail subordonn\u00e9s et autonomes et des contrats de collaboration coordonn\u00e9e et continue ; des agences et des repr\u00e9sentations commerciales, des contrats d&rsquo;achat et de la reprise de ces m\u00eames contrats ;&nbsp;<\/li>\n<li>r\u00e9daction des r\u00e8glements d&rsquo;entreprise, codes disciplinaires et codes \u00e9thiques ;&nbsp;<\/li>\n<li>r\u00e9daction d&rsquo;accords de non-concurrence, de confidentialit\u00e9, de secret, de stabilit\u00e9 ;&nbsp;<\/li>\n<li>modification des conditions contractuelles (transferts, d\u00e9tachements, changements de fonctions ou classification contractuelle, superminimi, primes de production et autres conditions) ;&nbsp;<\/li>\n<li>analyse et optimisation des composantes de la r\u00e9mun\u00e9ration, des heures de travail et des probl\u00e8mes connexes ;&nbsp;<\/li>\n<li>contr\u00f4le des travailleurs et de la vie priv\u00e9e ;&nbsp;<\/li>\n<li>n\u00e9gociation collective ;<\/li>\n<\/ul>\n\t\t\t\t\t\t\t\t<\/div>\n\t\t\t\t<\/div>\n\t\t\t\t\t<\/div>\n\t\t<\/div>\n\t\t\t\t<div class=\"elementor-column elementor-col-50 elementor-inner-column elementor-element elementor-element-8e09975 elementor-invisible\" data-id=\"8e09975\" data-element_type=\"column\" data-e-type=\"column\" data-settings=\"{&quot;animation&quot;:&quot;fadeInRight&quot;}\">\n\t\t\t<div class=\"elementor-widget-wrap elementor-element-populated\">\n\t\t\t\t\t\t<div class=\"elementor-element elementor-element-d0e7a0e elementor-widget elementor-widget-text-editor\" data-id=\"d0e7a0e\" data-element_type=\"widget\" data-e-type=\"widget\" data-widget_type=\"text-editor.default\">\n\t\t\t\t<div class=\"elementor-widget-container\">\n\t\t\t\t\t\t\t\t\t<ul class=\"innerList defaultList\">\n<li>r\u00e9organisation d&rsquo;entreprise, sous-traitance, r\u00e9duction de personnel, licenciements collectifs et individuels, transferts de succursales d\u2019entreprise ; licenciements individuels ;&nbsp;<\/li>\n<li>analyse du poste en relation avec la r\u00e9trogradation, droit \u00e0 la qualification contractuelle ou en raison de l&rsquo;ex\u00e9cution de t\u00e2ches plus \u00e9lev\u00e9es, de la discrimination et du harc\u00e8lement moral ;&nbsp;<\/li>\n<li>proc\u00e9dures disciplinaires ; &nbsp;<\/li>\n<li>s\u00e9curit\u00e9 au travail, accidents et maladies professionnelles ;&nbsp;<\/li>\n<li>gestion des litiges d&rsquo;inspection et de s\u00e9curit\u00e9 sociale, gestion des cr\u00e9dits et recouvrement ;&nbsp;<\/li>\n<li>gestion et protection du patrimoine de l\u2019entrepreneur ;<\/li>\n<li>assistance devant les autorit\u00e9s judiciaires ; dans les proc\u00e9dures d&rsquo;arbitrage et de conciliation devant DTL et les associations syndicales<\/li>\n<\/ul>\n\t\t\t\t\t\t\t\t<\/div>\n\t\t\t\t<\/div>\n\t\t\t\t\t<\/div>\n\t\t<\/div>\n\t\t\t\t\t<\/div>\n\t\t<\/section>\n\t\t\t\t\t<\/div>\n\t\t<\/div>\n\t\t\t\t\t<\/div>\n\t\t<\/section>\n\t\t\t\t<\/div>\n\t\t","protected":false},"excerpt":{"rendered":"<p>Droit du travail, syndical et de la s\u00e9curit\u00e9 sociale Le Cabinet exerce une activit\u00e9 professionnelle en particulier dans les secteurs suivants : Droit du travail Droit syndical Droit social Conseil pour le bien-\u00eatre en entreprise Restructuration des entreprises R\u00e8glements et politiques des entreprises L&rsquo;activit\u00e9 vise principalement \u00e0 prot\u00e9ger les int\u00e9r\u00eats des employeurs et des dirigeants. [&hellip;]<\/p>\n","protected":false},"author":5,"featured_media":0,"parent":694,"menu_order":0,"comment_status":"closed","ping_status":"closed","template":"fullwidth-no-container.php","meta":{"footnotes":""},"class_list":["post-678","page","type-page","status-publish","hentry"],"yoast_head":"<!-- This site is optimized with the Yoast SEO plugin v27.5 - https:\/\/yoast.com\/product\/yoast-seo-wordpress\/ -->\n<title>Droit du travail - Studio Legale Frus<\/title>\n<meta name=\"robots\" content=\"index, follow, max-snippet:-1, max-image-preview:large, max-video-preview:-1\" \/>\n<link rel=\"canonical\" href=\"https:\/\/www.fruseassociati.it\/fr\/activites\/droit-du-travail\/\" \/>\n<meta property=\"og:locale\" content=\"fr_FR\" \/>\n<meta property=\"og:type\" content=\"article\" \/>\n<meta property=\"og:title\" content=\"Droit du travail - Studio Legale Frus\" \/>\n<meta property=\"og:description\" content=\"Droit du travail, syndical et de la s\u00e9curit\u00e9 sociale Le Cabinet exerce une activit\u00e9 professionnelle en particulier dans les secteurs suivants : Droit du travail Droit syndical Droit social Conseil pour le bien-\u00eatre en entreprise Restructuration des entreprises R\u00e8glements et politiques des entreprises L&rsquo;activit\u00e9 vise principalement \u00e0 prot\u00e9ger les int\u00e9r\u00eats des employeurs et des dirigeants. [&hellip;]\" \/>\n<meta property=\"og:url\" content=\"https:\/\/www.fruseassociati.it\/fr\/activites\/droit-du-travail\/\" \/>\n<meta property=\"og:site_name\" content=\"Studio Legale Frus\" \/>\n<meta property=\"article:modified_time\" content=\"2021-11-04T09:46:28+00:00\" \/>\n<meta name=\"twitter:card\" content=\"summary_large_image\" \/>\n<meta name=\"twitter:label1\" content=\"Dur\u00e9e de lecture estim\u00e9e\" \/>\n\t<meta name=\"twitter:data1\" content=\"2 minutes\" \/>\n<script type=\"application\/ld+json\" class=\"yoast-schema-graph\">{\"@context\":\"https:\\\/\\\/schema.org\",\"@graph\":[{\"@type\":\"WebPage\",\"@id\":\"https:\\\/\\\/www.fruseassociati.it\\\/fr\\\/activites\\\/droit-du-travail\\\/\",\"url\":\"https:\\\/\\\/www.fruseassociati.it\\\/fr\\\/activites\\\/droit-du-travail\\\/\",\"name\":\"Droit du travail - Studio Legale Frus\",\"isPartOf\":{\"@id\":\"https:\\\/\\\/www.fruseassociati.it\\\/fr\\\/#website\"},\"datePublished\":\"2021-11-02T10:47:56+00:00\",\"dateModified\":\"2021-11-04T09:46:28+00:00\",\"breadcrumb\":{\"@id\":\"https:\\\/\\\/www.fruseassociati.it\\\/fr\\\/activites\\\/droit-du-travail\\\/#breadcrumb\"},\"inLanguage\":\"fr-FR\",\"potentialAction\":[{\"@type\":\"ReadAction\",\"target\":[\"https:\\\/\\\/www.fruseassociati.it\\\/fr\\\/activites\\\/droit-du-travail\\\/\"]}]},{\"@type\":\"BreadcrumbList\",\"@id\":\"https:\\\/\\\/www.fruseassociati.it\\\/fr\\\/activites\\\/droit-du-travail\\\/#breadcrumb\",\"itemListElement\":[{\"@type\":\"ListItem\",\"position\":1,\"name\":\"Home\",\"item\":\"https:\\\/\\\/www.fruseassociati.it\\\/fr\\\/\"},{\"@type\":\"ListItem\",\"position\":2,\"name\":\"Activit\u00e9s\",\"item\":\"https:\\\/\\\/www.fruseassociati.it\\\/fr\\\/activites\\\/\"},{\"@type\":\"ListItem\",\"position\":3,\"name\":\"Droit du travail\"}]},{\"@type\":\"WebSite\",\"@id\":\"https:\\\/\\\/www.fruseassociati.it\\\/fr\\\/#website\",\"url\":\"https:\\\/\\\/www.fruseassociati.it\\\/fr\\\/\",\"name\":\"Studio Legale Frus\",\"description\":\"\",\"potentialAction\":[{\"@type\":\"SearchAction\",\"target\":{\"@type\":\"EntryPoint\",\"urlTemplate\":\"https:\\\/\\\/www.fruseassociati.it\\\/fr\\\/?s={search_term_string}\"},\"query-input\":{\"@type\":\"PropertyValueSpecification\",\"valueRequired\":true,\"valueName\":\"search_term_string\"}}],\"inLanguage\":\"fr-FR\"}]}<\/script>\n<!-- \/ Yoast SEO plugin. -->","yoast_head_json":{"title":"Droit du travail - Studio Legale Frus","robots":{"index":"index","follow":"follow","max-snippet":"max-snippet:-1","max-image-preview":"max-image-preview:large","max-video-preview":"max-video-preview:-1"},"canonical":"https:\/\/www.fruseassociati.it\/fr\/activites\/droit-du-travail\/","og_locale":"fr_FR","og_type":"article","og_title":"Droit du travail - Studio Legale Frus","og_description":"Droit du travail, syndical et de la s\u00e9curit\u00e9 sociale Le Cabinet exerce une activit\u00e9 professionnelle en particulier dans les secteurs suivants : Droit du travail Droit syndical Droit social Conseil pour le bien-\u00eatre en entreprise Restructuration des entreprises R\u00e8glements et politiques des entreprises L&rsquo;activit\u00e9 vise principalement \u00e0 prot\u00e9ger les int\u00e9r\u00eats des employeurs et des dirigeants. [&hellip;]","og_url":"https:\/\/www.fruseassociati.it\/fr\/activites\/droit-du-travail\/","og_site_name":"Studio Legale Frus","article_modified_time":"2021-11-04T09:46:28+00:00","twitter_card":"summary_large_image","twitter_misc":{"Dur\u00e9e de lecture estim\u00e9e":"2 minutes"},"schema":{"@context":"https:\/\/schema.org","@graph":[{"@type":"WebPage","@id":"https:\/\/www.fruseassociati.it\/fr\/activites\/droit-du-travail\/","url":"https:\/\/www.fruseassociati.it\/fr\/activites\/droit-du-travail\/","name":"Droit du travail - Studio Legale Frus","isPartOf":{"@id":"https:\/\/www.fruseassociati.it\/fr\/#website"},"datePublished":"2021-11-02T10:47:56+00:00","dateModified":"2021-11-04T09:46:28+00:00","breadcrumb":{"@id":"https:\/\/www.fruseassociati.it\/fr\/activites\/droit-du-travail\/#breadcrumb"},"inLanguage":"fr-FR","potentialAction":[{"@type":"ReadAction","target":["https:\/\/www.fruseassociati.it\/fr\/activites\/droit-du-travail\/"]}]},{"@type":"BreadcrumbList","@id":"https:\/\/www.fruseassociati.it\/fr\/activites\/droit-du-travail\/#breadcrumb","itemListElement":[{"@type":"ListItem","position":1,"name":"Home","item":"https:\/\/www.fruseassociati.it\/fr\/"},{"@type":"ListItem","position":2,"name":"Activit\u00e9s","item":"https:\/\/www.fruseassociati.it\/fr\/activites\/"},{"@type":"ListItem","position":3,"name":"Droit du travail"}]},{"@type":"WebSite","@id":"https:\/\/www.fruseassociati.it\/fr\/#website","url":"https:\/\/www.fruseassociati.it\/fr\/","name":"Studio Legale Frus","description":"","potentialAction":[{"@type":"SearchAction","target":{"@type":"EntryPoint","urlTemplate":"https:\/\/www.fruseassociati.it\/fr\/?s={search_term_string}"},"query-input":{"@type":"PropertyValueSpecification","valueRequired":true,"valueName":"search_term_string"}}],"inLanguage":"fr-FR"}]}},"_links":{"self":[{"href":"https:\/\/www.fruseassociati.it\/fr\/wp-json\/wp\/v2\/pages\/678","targetHints":{"allow":["GET"]}}],"collection":[{"href":"https:\/\/www.fruseassociati.it\/fr\/wp-json\/wp\/v2\/pages"}],"about":[{"href":"https:\/\/www.fruseassociati.it\/fr\/wp-json\/wp\/v2\/types\/page"}],"author":[{"embeddable":true,"href":"https:\/\/www.fruseassociati.it\/fr\/wp-json\/wp\/v2\/users\/5"}],"replies":[{"embeddable":true,"href":"https:\/\/www.fruseassociati.it\/fr\/wp-json\/wp\/v2\/comments?post=678"}],"version-history":[{"count":4,"href":"https:\/\/www.fruseassociati.it\/fr\/wp-json\/wp\/v2\/pages\/678\/revisions"}],"predecessor-version":[{"id":1003,"href":"https:\/\/www.fruseassociati.it\/fr\/wp-json\/wp\/v2\/pages\/678\/revisions\/1003"}],"up":[{"embeddable":true,"href":"https:\/\/www.fruseassociati.it\/fr\/wp-json\/wp\/v2\/pages\/694"}],"wp:attachment":[{"href":"https:\/\/www.fruseassociati.it\/fr\/wp-json\/wp\/v2\/media?parent=678"}],"curies":[{"name":"wp","href":"https:\/\/api.w.org\/{rel}","templated":true}]}}