{"id":676,"date":"2021-11-02T11:45:49","date_gmt":"2021-11-02T10:45:49","guid":{"rendered":"https:\/\/studiofrus.archibuzz.tech\/contacts\/"},"modified":"2025-04-01T16:47:59","modified_gmt":"2025-04-01T14:47:59","slug":"contacts","status":"publish","type":"page","link":"https:\/\/www.fruseassociati.it\/fr\/contacts\/","title":{"rendered":"Contacts"},"content":{"rendered":"\t\t<div data-elementor-type=\"wp-page\" data-elementor-id=\"676\" class=\"elementor elementor-676 elementor-220\">\n\t\t\t\t\t\t<section class=\"elementor-section elementor-top-section elementor-element elementor-element-b6b2f63 elementor-section-full_width elementor-section-height-min-height contatti-header elementor-section-height-default elementor-section-items-middle\" data-id=\"b6b2f63\" data-element_type=\"section\" data-e-type=\"section\" data-settings=\"{&quot;background_background&quot;:&quot;classic&quot;}\">\n\t\t\t\t\t\t<div class=\"elementor-container elementor-column-gap-default\">\n\t\t\t\t\t<div class=\"elementor-column elementor-col-100 elementor-top-column elementor-element elementor-element-2518cb2\" data-id=\"2518cb2\" data-element_type=\"column\" data-e-type=\"column\">\n\t\t\t<div class=\"elementor-widget-wrap elementor-element-populated\">\n\t\t\t\t\t\t<section class=\"elementor-section elementor-inner-section elementor-element elementor-element-4c577bb elementor-section-boxed elementor-section-height-default elementor-section-height-default\" data-id=\"4c577bb\" data-element_type=\"section\" data-e-type=\"section\">\n\t\t\t\t\t\t<div class=\"elementor-container elementor-column-gap-default\">\n\t\t\t\t\t<div class=\"elementor-column elementor-col-50 elementor-inner-column elementor-element elementor-element-5cc3b86 elementor-invisible\" data-id=\"5cc3b86\" data-element_type=\"column\" data-e-type=\"column\" data-settings=\"{&quot;animation&quot;:&quot;fadeInLeft&quot;}\">\n\t\t\t<div class=\"elementor-widget-wrap elementor-element-populated\">\n\t\t\t\t\t\t<div class=\"elementor-element elementor-element-e1c020a elementor-widget elementor-widget-heading\" data-id=\"e1c020a\" data-element_type=\"widget\" data-e-type=\"widget\" data-widget_type=\"heading.default\">\n\t\t\t\t<div class=\"elementor-widget-container\">\n\t\t\t\t\t<h1 class=\"elementor-heading-title elementor-size-default\">Contacts<\/h1>\t\t\t\t<\/div>\n\t\t\t\t<\/div>\n\t\t\t\t\t<\/div>\n\t\t<\/div>\n\t\t\t\t<div class=\"elementor-column elementor-col-50 elementor-inner-column elementor-element elementor-element-fe686dd elementor-invisible\" data-id=\"fe686dd\" data-element_type=\"column\" data-e-type=\"column\" data-settings=\"{&quot;animation&quot;:&quot;fadeInRight&quot;}\">\n\t\t\t<div class=\"elementor-widget-wrap elementor-element-populated\">\n\t\t\t\t\t\t<div class=\"elementor-element elementor-element-afe895f elementor-widget elementor-widget-text-editor\" data-id=\"afe895f\" data-element_type=\"widget\" data-e-type=\"widget\" data-widget_type=\"text-editor.default\">\n\t\t\t\t<div class=\"elementor-widget-container\">\n\t\t\t\t\t\t\t\t\t<p>Le Secr\u00e9tariat est actif du lundi au vendredi de <strong>8:45<\/strong> \u00e0 <strong>19:30<\/strong><\/p>\n<ul>\n<li><a href=\"tel:00390115620257\">T\u00e9l: +39 011 56 20 257<\/a><\/li>\n<li><a href=\"tel:0039011546323\">T\u00e9l\u00e9copie: +39 011 54 63 23<\/a><\/li>\n<li><a href=\"tel:00390115613240\">T\u00e9l: +39 011 56 13 240<\/a><\/li>\n<li><a href=\"mailto:segreteria@studiolegalefrus.it\">segreteria@studiolegalefrus.it<\/a><\/li>\n<\/ul>\n\t\t\t\t\t\t\t\t<\/div>\n\t\t\t\t<\/div>\n\t\t\t\t\t<\/div>\n\t\t<\/div>\n\t\t\t\t\t<\/div>\n\t\t<\/section>\n\t\t\t\t\t<\/div>\n\t\t<\/div>\n\t\t\t\t\t<\/div>\n\t\t<\/section>\n\t\t\t\t<section class=\"elementor-section elementor-top-section elementor-element elementor-element-de59d31 maps-section elementor-section-boxed elementor-section-height-default elementor-section-height-default\" data-id=\"de59d31\" data-element_type=\"section\" data-e-type=\"section\">\n\t\t\t\t\t\t<div class=\"elementor-container elementor-column-gap-default\">\n\t\t\t\t\t<div class=\"elementor-column elementor-col-50 elementor-top-column elementor-element elementor-element-4b3f614 elementor-invisible\" data-id=\"4b3f614\" data-element_type=\"column\" data-e-type=\"column\" data-settings=\"{&quot;animation&quot;:&quot;fadeInLeft&quot;}\">\n\t\t\t<div class=\"elementor-widget-wrap elementor-element-populated\">\n\t\t\t\t\t\t<div class=\"elementor-element elementor-element-a3cbdf8 elementor-widget elementor-widget-text-editor\" data-id=\"a3cbdf8\" data-element_type=\"widget\" data-e-type=\"widget\" data-widget_type=\"text-editor.default\">\n\t\t\t\t<div class=\"elementor-widget-container\">\n\t\t\t\t\t\t\t\t\t<h4>Bureau de Turin<\/h4>\n<p>Corso Re Umberto 8, 10121 Turin (TO)<\/p>\n\t\t\t\t\t\t\t\t<\/div>\n\t\t\t\t<\/div>\n\t\t\t\t<div class=\"elementor-element elementor-element-83006e1 elementor-widget elementor-widget-html\" data-id=\"83006e1\" data-element_type=\"widget\" data-e-type=\"widget\" data-widget_type=\"html.default\">\n\t\t\t\t<div class=\"elementor-widget-container\">\n\t\t\t\t\t<iframe src=\"https:\/\/www.google.com\/maps\/embed?pb=!1m14!1m8!1m3!1d2817.9821094267227!2d7.674471!3d45.065874!3m2!1i1024!2i768!4f13.1!3m3!1m2!1s0x47886d134595204b%3A0x2220915d7833d5af!2sCorso%20Re%20Umberto%2C%208%2C%2010121%20Torino%20TO!5e0!3m2!1sit!2sit!4v1599725895429!5m2!1sit!2sit\" width=\"100%\" height=\"450\" frameborder=\"0\" style=\"border:0;\" allowfullscreen=\"\" aria-hidden=\"false\" tabindex=\"0\"><\/iframe>\t\t\t\t<\/div>\n\t\t\t\t<\/div>\n\t\t\t\t\t<\/div>\n\t\t<\/div>\n\t\t\t\t<div class=\"elementor-column elementor-col-50 elementor-top-column elementor-element elementor-element-2e57ff7 elementor-invisible\" data-id=\"2e57ff7\" data-element_type=\"column\" data-e-type=\"column\" data-settings=\"{&quot;animation&quot;:&quot;fadeInRight&quot;}\">\n\t\t\t<div class=\"elementor-widget-wrap elementor-element-populated\">\n\t\t\t\t\t\t<div class=\"elementor-element elementor-element-37e9f05 elementor-widget elementor-widget-text-editor\" data-id=\"37e9f05\" data-element_type=\"widget\" data-e-type=\"widget\" data-widget_type=\"text-editor.default\">\n\t\t\t\t<div class=\"elementor-widget-container\">\n\t\t\t\t\t\t\t\t\t<h4>Bureau de Milan<\/h4>\n<p>Via Borgogna n.5, 10122 Milano (MI)<\/p>\n\t\t\t\t\t\t\t\t<\/div>\n\t\t\t\t<\/div>\n\t\t\t\t<div class=\"elementor-element elementor-element-a499dec elementor-widget elementor-widget-html\" data-id=\"a499dec\" data-element_type=\"widget\" data-e-type=\"widget\" data-widget_type=\"html.default\">\n\t\t\t\t<div class=\"elementor-widget-container\">\n\t\t\t\t\t<iframe src=\"https:\/\/www.google.com\/maps\/embed?pb=!1m18!1m12!1m3!1d2798.190714769942!2d9.196360511919508!3d45.465961970953344!2m3!1f0!2f0!3f0!3m2!1i1024!2i768!4f13.1!3m3!1m2!1s0x4786c6a4d8ebc263%3A0xa472202e199aba41!2sVia%20Borgogna%2C%205%2C%2020122%20Milano%20MI!5e0!3m2!1sit!2sit!4v1743518304592!5m2!1sit!2sit\" width=\"600\" height=\"450\" style=\"border:0;\" allowfullscreen=\"\" loading=\"lazy\" referrerpolicy=\"no-referrer-when-downgrade\"><\/iframe>\t\t\t\t<\/div>\n\t\t\t\t<\/div>\n\t\t\t\t\t<\/div>\n\t\t<\/div>\n\t\t\t\t\t<\/div>\n\t\t<\/section>\n\t\t\t\t<\/div>\n\t\t","protected":false},"excerpt":{"rendered":"<p>Contacts Le Secr\u00e9tariat est actif du lundi au vendredi de 8:45 \u00e0 19:30 T\u00e9l: +39 011 56 20 257 T\u00e9l\u00e9copie: +39 011 54 63 23 T\u00e9l: +39 011 56 13 240 segreteria@studiolegalefrus.it Bureau de Turin Corso Re Umberto 8, 10121 Turin (TO) Bureau de Milan Via Borgogna n.5, 10122 Milano (MI)<\/p>\n","protected":false},"author":5,"featured_media":0,"parent":0,"menu_order":0,"comment_status":"closed","ping_status":"closed","template":"fullwidth-no-container.php","meta":{"footnotes":""},"class_list":["post-676","page","type-page","status-publish","hentry"],"yoast_head":"<!-- This site is optimized with the Yoast SEO plugin v27.5 - https:\/\/yoast.com\/product\/yoast-seo-wordpress\/ -->\n<title>Droit des soci\u00e9t\u00e9s \u00e0 Turin et Milan | Frus e Associati Studio Legale<\/title>\n<meta name=\"description\" content=\"Frus e Associati Studio Legale s&#039;occupe du droit des soci\u00e9t\u00e9s et du droit civil \u00e0 Turin. Contactez-nous pour plus d&#039;informations ou pour demander de l&#039;aide.\" \/>\n<meta name=\"robots\" content=\"index, follow, max-snippet:-1, max-image-preview:large, max-video-preview:-1\" \/>\n<link rel=\"canonical\" href=\"https:\/\/www.fruseassociati.it\/fr\/contacts\/\" \/>\n<meta property=\"og:locale\" content=\"fr_FR\" \/>\n<meta property=\"og:type\" content=\"article\" \/>\n<meta property=\"og:title\" content=\"Droit des soci\u00e9t\u00e9s \u00e0 Turin et Milan | Frus e Associati Studio Legale\" \/>\n<meta property=\"og:description\" content=\"Frus e Associati Studio Legale s&#039;occupe du droit des soci\u00e9t\u00e9s et du droit civil \u00e0 Turin. Contactez-nous pour plus d&#039;informations ou pour demander de l&#039;aide.\" \/>\n<meta property=\"og:url\" content=\"https:\/\/www.fruseassociati.it\/fr\/contacts\/\" \/>\n<meta property=\"og:site_name\" content=\"Studio Legale Frus\" \/>\n<meta property=\"article:modified_time\" content=\"2025-04-01T14:47:59+00:00\" \/>\n<meta name=\"twitter:card\" content=\"summary_large_image\" \/>\n<meta name=\"twitter:label1\" content=\"Dur\u00e9e de lecture estim\u00e9e\" \/>\n\t<meta name=\"twitter:data1\" content=\"1 minute\" \/>\n<script type=\"application\/ld+json\" class=\"yoast-schema-graph\">{\"@context\":\"https:\\\/\\\/schema.org\",\"@graph\":[{\"@type\":\"WebPage\",\"@id\":\"https:\\\/\\\/www.fruseassociati.it\\\/fr\\\/contacts\\\/\",\"url\":\"https:\\\/\\\/www.fruseassociati.it\\\/fr\\\/contacts\\\/\",\"name\":\"Droit des soci\u00e9t\u00e9s \u00e0 Turin et Milan | Frus e Associati Studio Legale\",\"isPartOf\":{\"@id\":\"https:\\\/\\\/www.fruseassociati.it\\\/fr\\\/#website\"},\"datePublished\":\"2021-11-02T10:45:49+00:00\",\"dateModified\":\"2025-04-01T14:47:59+00:00\",\"description\":\"Frus e Associati Studio Legale s'occupe du droit des soci\u00e9t\u00e9s et du droit civil \u00e0 Turin. Contactez-nous pour plus d'informations ou pour demander de l'aide.\",\"breadcrumb\":{\"@id\":\"https:\\\/\\\/www.fruseassociati.it\\\/fr\\\/contacts\\\/#breadcrumb\"},\"inLanguage\":\"fr-FR\",\"potentialAction\":[{\"@type\":\"ReadAction\",\"target\":[\"https:\\\/\\\/www.fruseassociati.it\\\/fr\\\/contacts\\\/\"]}]},{\"@type\":\"BreadcrumbList\",\"@id\":\"https:\\\/\\\/www.fruseassociati.it\\\/fr\\\/contacts\\\/#breadcrumb\",\"itemListElement\":[{\"@type\":\"ListItem\",\"position\":1,\"name\":\"Home\",\"item\":\"https:\\\/\\\/www.fruseassociati.it\\\/fr\\\/\"},{\"@type\":\"ListItem\",\"position\":2,\"name\":\"Contacts\"}]},{\"@type\":\"WebSite\",\"@id\":\"https:\\\/\\\/www.fruseassociati.it\\\/fr\\\/#website\",\"url\":\"https:\\\/\\\/www.fruseassociati.it\\\/fr\\\/\",\"name\":\"Studio Legale Frus\",\"description\":\"\",\"potentialAction\":[{\"@type\":\"SearchAction\",\"target\":{\"@type\":\"EntryPoint\",\"urlTemplate\":\"https:\\\/\\\/www.fruseassociati.it\\\/fr\\\/?s={search_term_string}\"},\"query-input\":{\"@type\":\"PropertyValueSpecification\",\"valueRequired\":true,\"valueName\":\"search_term_string\"}}],\"inLanguage\":\"fr-FR\"}]}<\/script>\n<!-- \/ Yoast SEO plugin. -->","yoast_head_json":{"title":"Droit des soci\u00e9t\u00e9s \u00e0 Turin et Milan | Frus e Associati Studio Legale","description":"Frus e Associati Studio Legale s'occupe du droit des soci\u00e9t\u00e9s et du droit civil \u00e0 Turin. Contactez-nous pour plus d'informations ou pour demander de l'aide.","robots":{"index":"index","follow":"follow","max-snippet":"max-snippet:-1","max-image-preview":"max-image-preview:large","max-video-preview":"max-video-preview:-1"},"canonical":"https:\/\/www.fruseassociati.it\/fr\/contacts\/","og_locale":"fr_FR","og_type":"article","og_title":"Droit des soci\u00e9t\u00e9s \u00e0 Turin et Milan | Frus e Associati Studio Legale","og_description":"Frus e Associati Studio Legale s'occupe du droit des soci\u00e9t\u00e9s et du droit civil \u00e0 Turin. Contactez-nous pour plus d'informations ou pour demander de l'aide.","og_url":"https:\/\/www.fruseassociati.it\/fr\/contacts\/","og_site_name":"Studio Legale Frus","article_modified_time":"2025-04-01T14:47:59+00:00","twitter_card":"summary_large_image","twitter_misc":{"Dur\u00e9e de lecture estim\u00e9e":"1 minute"},"schema":{"@context":"https:\/\/schema.org","@graph":[{"@type":"WebPage","@id":"https:\/\/www.fruseassociati.it\/fr\/contacts\/","url":"https:\/\/www.fruseassociati.it\/fr\/contacts\/","name":"Droit des soci\u00e9t\u00e9s \u00e0 Turin et Milan | Frus e Associati Studio Legale","isPartOf":{"@id":"https:\/\/www.fruseassociati.it\/fr\/#website"},"datePublished":"2021-11-02T10:45:49+00:00","dateModified":"2025-04-01T14:47:59+00:00","description":"Frus e Associati Studio Legale s'occupe du droit des soci\u00e9t\u00e9s et du droit civil \u00e0 Turin. Contactez-nous pour plus d'informations ou pour demander de l'aide.","breadcrumb":{"@id":"https:\/\/www.fruseassociati.it\/fr\/contacts\/#breadcrumb"},"inLanguage":"fr-FR","potentialAction":[{"@type":"ReadAction","target":["https:\/\/www.fruseassociati.it\/fr\/contacts\/"]}]},{"@type":"BreadcrumbList","@id":"https:\/\/www.fruseassociati.it\/fr\/contacts\/#breadcrumb","itemListElement":[{"@type":"ListItem","position":1,"name":"Home","item":"https:\/\/www.fruseassociati.it\/fr\/"},{"@type":"ListItem","position":2,"name":"Contacts"}]},{"@type":"WebSite","@id":"https:\/\/www.fruseassociati.it\/fr\/#website","url":"https:\/\/www.fruseassociati.it\/fr\/","name":"Studio Legale Frus","description":"","potentialAction":[{"@type":"SearchAction","target":{"@type":"EntryPoint","urlTemplate":"https:\/\/www.fruseassociati.it\/fr\/?s={search_term_string}"},"query-input":{"@type":"PropertyValueSpecification","valueRequired":true,"valueName":"search_term_string"}}],"inLanguage":"fr-FR"}]}},"_links":{"self":[{"href":"https:\/\/www.fruseassociati.it\/fr\/wp-json\/wp\/v2\/pages\/676","targetHints":{"allow":["GET"]}}],"collection":[{"href":"https:\/\/www.fruseassociati.it\/fr\/wp-json\/wp\/v2\/pages"}],"about":[{"href":"https:\/\/www.fruseassociati.it\/fr\/wp-json\/wp\/v2\/types\/page"}],"author":[{"embeddable":true,"href":"https:\/\/www.fruseassociati.it\/fr\/wp-json\/wp\/v2\/users\/5"}],"replies":[{"embeddable":true,"href":"https:\/\/www.fruseassociati.it\/fr\/wp-json\/wp\/v2\/comments?post=676"}],"version-history":[{"count":12,"href":"https:\/\/www.fruseassociati.it\/fr\/wp-json\/wp\/v2\/pages\/676\/revisions"}],"predecessor-version":[{"id":2321,"href":"https:\/\/www.fruseassociati.it\/fr\/wp-json\/wp\/v2\/pages\/676\/revisions\/2321"}],"wp:attachment":[{"href":"https:\/\/www.fruseassociati.it\/fr\/wp-json\/wp\/v2\/media?parent=676"}],"curies":[{"name":"wp","href":"https:\/\/api.w.org\/{rel}","templated":true}]}}