{"id":2780,"date":"2025-11-25T18:47:34","date_gmt":"2025-11-25T17:47:34","guid":{"rendered":"https:\/\/www.fruseassociati.it\/les-professionnels\/giulia-mittica\/"},"modified":"2025-11-27T10:56:49","modified_gmt":"2025-11-27T09:56:49","slug":"giulia-mittica","status":"publish","type":"page","link":"https:\/\/www.fruseassociati.it\/fr\/les-professionnels\/giulia-mittica\/","title":{"rendered":"Giulia Mittica"},"content":{"rendered":"\t\t<div data-elementor-type=\"wp-page\" data-elementor-id=\"2780\" class=\"elementor elementor-2780 elementor-2757\">\n\t\t\t\t\t\t<section class=\"elementor-section elementor-top-section elementor-element elementor-element-3fbfa04f elementor-section-full_width elementor-section-height-min-height page-header professionisti elementor-section-height-default elementor-section-items-middle\" data-id=\"3fbfa04f\" data-element_type=\"section\" data-e-type=\"section\" data-settings=\"{&quot;background_background&quot;:&quot;classic&quot;}\">\n\t\t\t\t\t\t<div class=\"elementor-container elementor-column-gap-default\">\n\t\t\t\t\t<div class=\"elementor-column elementor-col-100 elementor-top-column elementor-element elementor-element-17960971\" data-id=\"17960971\" data-element_type=\"column\" data-e-type=\"column\">\n\t\t\t<div class=\"elementor-widget-wrap elementor-element-populated\">\n\t\t\t\t\t\t<section class=\"elementor-section elementor-inner-section elementor-element elementor-element-c1ff8da prof-title elementor-section-boxed elementor-section-height-default elementor-section-height-default elementor-invisible\" data-id=\"c1ff8da\" data-element_type=\"section\" data-e-type=\"section\" data-settings=\"{&quot;animation&quot;:&quot;fadeInLeft&quot;}\">\n\t\t\t\t\t\t<div class=\"elementor-container elementor-column-gap-default\">\n\t\t\t\t\t<div class=\"elementor-column elementor-col-100 elementor-inner-column elementor-element elementor-element-3ffa9fec\" data-id=\"3ffa9fec\" data-element_type=\"column\" data-e-type=\"column\">\n\t\t\t<div class=\"elementor-widget-wrap elementor-element-populated\">\n\t\t\t\t\t\t<div class=\"elementor-element elementor-element-43448485 elementor-widget elementor-widget-heading\" data-id=\"43448485\" data-element_type=\"widget\" data-e-type=\"widget\" data-widget_type=\"heading.default\">\n\t\t\t\t<div class=\"elementor-widget-container\">\n\t\t\t\t\t<h1 class=\"elementor-heading-title elementor-size-default\">Avocate Giulia Mittica<\/h1>\t\t\t\t<\/div>\n\t\t\t\t<\/div>\n\t\t\t\t\t<\/div>\n\t\t<\/div>\n\t\t\t\t\t<\/div>\n\t\t<\/section>\n\t\t\t\t<section class=\"elementor-section elementor-inner-section elementor-element elementor-element-2ddec33c prof-info elementor-section-boxed elementor-section-height-default elementor-section-height-default\" data-id=\"2ddec33c\" data-element_type=\"section\" data-e-type=\"section\">\n\t\t\t\t\t\t<div class=\"elementor-container elementor-column-gap-default\">\n\t\t\t\t\t<div class=\"elementor-column elementor-col-50 elementor-inner-column elementor-element elementor-element-4f95f0de\" data-id=\"4f95f0de\" data-element_type=\"column\" data-e-type=\"column\">\n\t\t\t<div class=\"elementor-widget-wrap elementor-element-populated\">\n\t\t\t\t\t\t<div class=\"elementor-element elementor-element-4dd3888d elementor-invisible elementor-widget elementor-widget-text-editor\" data-id=\"4dd3888d\" data-element_type=\"widget\" data-e-type=\"widget\" data-settings=\"{&quot;_animation&quot;:&quot;fadeInLeft&quot;}\" data-widget_type=\"text-editor.default\">\n\t\t\t\t<div class=\"elementor-widget-container\">\n\t\t\t\t\t\t\t\t\t<p><a href=\"mailto:giulia.mittica@fruseassociati.it\">giulia.mittica@fruseassociati.it<\/a><\/p>\n<p><a href=\"tel:00390115620257\">Tel +39 011 56 20 257<\/a><br \/><a href=\"tel:00390115620257\">Tel +39 011 56 13 240<\/a><br \/><a>Fax +39 011 54 63 23<\/a><\/p>\n\t\t\t\t\t\t\t\t<\/div>\n\t\t\t\t<\/div>\n\t\t\t\t\t<\/div>\n\t\t<\/div>\n\t\t\t\t<div class=\"elementor-column elementor-col-50 elementor-inner-column elementor-element elementor-element-1ede5f8a\" data-id=\"1ede5f8a\" data-element_type=\"column\" data-e-type=\"column\">\n\t\t\t<div class=\"elementor-widget-wrap elementor-element-populated\">\n\t\t\t\t\t\t<div class=\"elementor-element elementor-element-2b005bfa elementor-invisible elementor-widget elementor-widget-text-editor\" data-id=\"2b005bfa\" data-element_type=\"widget\" data-e-type=\"widget\" data-settings=\"{&quot;_animation&quot;:&quot;fadeInRight&quot;}\" data-widget_type=\"text-editor.default\">\n\t\t\t\t<div class=\"elementor-widget-container\">\n\t\t\t\t\t\t\t\t\t<p><strong><span class=\"\">FORMATION:\u00a0<\/span><\/strong>Universit\u00e9 de Turin, dipl\u00f4m\u00e9e<span class=\"\"> en Droit<br \/>\n<\/span><\/p>\n<p><strong><span class=\"\">HABILITATIONS:\u00a0<\/span><\/strong>avocate inscrit au Barreau de Turin<\/p>\n<p><strong><span class=\"\">LANGUES \u00c9TRANG\u00c8RES:\u00a0<\/span><\/strong>anglais<\/p>\n\t\t\t\t\t\t\t\t<\/div>\n\t\t\t\t<\/div>\n\t\t\t\t\t<\/div>\n\t\t<\/div>\n\t\t\t\t\t<\/div>\n\t\t<\/section>\n\t\t\t\t\t<\/div>\n\t\t<\/div>\n\t\t\t\t\t<\/div>\n\t\t<\/section>\n\t\t\t\t<section class=\"elementor-section elementor-top-section elementor-element elementor-element-6eedb73f elementor-section-boxed elementor-section-height-default elementor-section-height-default\" data-id=\"6eedb73f\" data-element_type=\"section\" data-e-type=\"section\">\n\t\t\t\t\t\t<div class=\"elementor-container elementor-column-gap-default\">\n\t\t\t\t\t<div class=\"elementor-column elementor-col-100 elementor-top-column elementor-element elementor-element-be2d05a\" data-id=\"be2d05a\" data-element_type=\"column\" data-e-type=\"column\">\n\t\t\t<div class=\"elementor-widget-wrap elementor-element-populated\">\n\t\t\t\t\t\t<section class=\"elementor-section elementor-inner-section elementor-element elementor-element-17cd78b2 elementor-section-boxed elementor-section-height-default elementor-section-height-default\" data-id=\"17cd78b2\" data-element_type=\"section\" data-e-type=\"section\">\n\t\t\t\t\t\t<div class=\"elementor-container elementor-column-gap-default\">\n\t\t\t\t\t<div class=\"elementor-column elementor-col-50 elementor-inner-column elementor-element elementor-element-47efa842\" data-id=\"47efa842\" data-element_type=\"column\" data-e-type=\"column\">\n\t\t\t<div class=\"elementor-widget-wrap elementor-element-populated\">\n\t\t\t\t\t\t<div class=\"elementor-element elementor-element-2a6cb810 elementor-invisible elementor-widget elementor-widget-text-editor\" data-id=\"2a6cb810\" data-element_type=\"widget\" data-e-type=\"widget\" data-settings=\"{&quot;_animation&quot;:&quot;fadeInLeft&quot;}\" data-widget_type=\"text-editor.default\">\n\t\t\t\t<div class=\"elementor-widget-container\">\n\t\t\t\t\t\t\t\t\t<p>Giulia Mittica collabore depuis octobre 2025 avec l&rsquo;association professionnelle Frus e Associati et a obtenu son habilitation \u00e0 exercer la profession d&rsquo;avocate en juin 2025.<\/p>\n<p>Elle a obtenu son dipl\u00f4me en droit \u00e0 l&rsquo;Universit\u00e9 de Turin en octobre 2022, avec une th\u00e8se intitul\u00e9e \u201c<em>Principes d&rsquo;\u00e9galit\u00e9 salariale et \u00e9cart salarial entre les sexes<\/em>\u201d sous la direction du Professeure Daniela Izzi.<\/p>\n\t\t\t\t\t\t\t\t<\/div>\n\t\t\t\t<\/div>\n\t\t\t\t\t<\/div>\n\t\t<\/div>\n\t\t\t\t<div class=\"elementor-column elementor-col-50 elementor-inner-column elementor-element elementor-element-651849ec\" data-id=\"651849ec\" data-element_type=\"column\" data-e-type=\"column\">\n\t\t\t<div class=\"elementor-widget-wrap elementor-element-populated\">\n\t\t\t\t\t\t<div class=\"elementor-element elementor-element-7817c500 elementor-invisible elementor-widget elementor-widget-image\" data-id=\"7817c500\" data-element_type=\"widget\" data-e-type=\"widget\" data-settings=\"{&quot;_animation&quot;:&quot;fadeInRight&quot;}\" data-widget_type=\"image.default\">\n\t\t\t\t<div class=\"elementor-widget-container\">\n\t\t\t\t\t\t\t\t\t\t\t\t\t\t\t<img fetchpriority=\"high\" decoding=\"async\" width=\"777\" height=\"1024\" src=\"https:\/\/www.fruseassociati.it\/wp-content\/uploads\/2025\/11\/Avv.-Giulia-Mittica-1-777x1024.jpeg\" class=\"attachment-large size-large wp-image-2747\" alt=\"\" srcset=\"https:\/\/www.fruseassociati.it\/wp-content\/uploads\/2025\/11\/Avv.-Giulia-Mittica-1-777x1024.jpeg 777w, https:\/\/www.fruseassociati.it\/wp-content\/uploads\/2025\/11\/Avv.-Giulia-Mittica-1-228x300.jpeg 228w, https:\/\/www.fruseassociati.it\/wp-content\/uploads\/2025\/11\/Avv.-Giulia-Mittica-1-768x1012.jpeg 768w, https:\/\/www.fruseassociati.it\/wp-content\/uploads\/2025\/11\/Avv.-Giulia-Mittica-1-1166x1536.jpeg 1166w, https:\/\/www.fruseassociati.it\/wp-content\/uploads\/2025\/11\/Avv.-Giulia-Mittica-1-1554x2048.jpeg 1554w, https:\/\/www.fruseassociati.it\/wp-content\/uploads\/2025\/11\/Avv.-Giulia-Mittica-1-scaled.jpeg 1943w\" sizes=\"(max-width: 777px) 100vw, 777px\" \/>\t\t\t\t\t\t\t\t\t\t\t\t\t\t\t<\/div>\n\t\t\t\t<\/div>\n\t\t\t\t\t<\/div>\n\t\t<\/div>\n\t\t\t\t\t<\/div>\n\t\t<\/section>\n\t\t\t\t\t<\/div>\n\t\t<\/div>\n\t\t\t\t\t<\/div>\n\t\t<\/section>\n\t\t\t\t<\/div>\n\t\t","protected":false},"excerpt":{"rendered":"<p>Avocate Giulia Mittica giulia.mittica@fruseassociati.it Tel +39 011 56 20 257Tel +39 011 56 13 240Fax +39 011 54 63 23 FORMATION:\u00a0Universit\u00e9 de Turin, dipl\u00f4m\u00e9e en Droit HABILITATIONS:\u00a0avocate inscrit au Barreau de Turin LANGUES \u00c9TRANG\u00c8RES:\u00a0anglais Giulia Mittica collabore depuis octobre 2025 avec l&rsquo;association professionnelle Frus e Associati et a obtenu son habilitation \u00e0 exercer la profession [&hellip;]<\/p>\n","protected":false},"author":6,"featured_media":0,"parent":731,"menu_order":0,"comment_status":"closed","ping_status":"closed","template":"fullwidth-no-container.php","meta":{"footnotes":""},"class_list":["post-2780","page","type-page","status-publish","hentry"],"yoast_head":"<!-- This site is optimized with the Yoast SEO plugin v27.4 - https:\/\/yoast.com\/product\/yoast-seo-wordpress\/ -->\n<title>Giulia Mittica - Studio Legale Frus<\/title>\n<meta name=\"robots\" content=\"index, follow, max-snippet:-1, max-image-preview:large, max-video-preview:-1\" \/>\n<link rel=\"canonical\" href=\"https:\/\/www.fruseassociati.it\/fr\/les-professionnels\/giulia-mittica\/\" \/>\n<meta property=\"og:locale\" content=\"fr_FR\" \/>\n<meta property=\"og:type\" content=\"article\" \/>\n<meta property=\"og:title\" content=\"Giulia Mittica - Studio Legale Frus\" \/>\n<meta property=\"og:description\" content=\"Avocate Giulia Mittica giulia.mittica@fruseassociati.it Tel +39 011 56 20 257Tel +39 011 56 13 240Fax +39 011 54 63 23 FORMATION:\u00a0Universit\u00e9 de Turin, dipl\u00f4m\u00e9e en Droit HABILITATIONS:\u00a0avocate inscrit au Barreau de Turin LANGUES \u00c9TRANG\u00c8RES:\u00a0anglais Giulia Mittica collabore depuis octobre 2025 avec l&rsquo;association professionnelle Frus e Associati et a obtenu son habilitation \u00e0 exercer la profession [&hellip;]\" \/>\n<meta property=\"og:url\" content=\"https:\/\/www.fruseassociati.it\/fr\/les-professionnels\/giulia-mittica\/\" \/>\n<meta property=\"og:site_name\" content=\"Studio Legale Frus\" \/>\n<meta property=\"article:modified_time\" content=\"2025-11-27T09:56:49+00:00\" \/>\n<meta property=\"og:image\" content=\"https:\/\/www.fruseassociati.it\/wp-content\/uploads\/2025\/11\/Avv.-Giulia-Mittica-1-scaled.jpeg\" \/>\n\t<meta property=\"og:image:width\" content=\"1943\" \/>\n\t<meta property=\"og:image:height\" content=\"2560\" \/>\n\t<meta property=\"og:image:type\" content=\"image\/jpeg\" \/>\n<meta name=\"twitter:card\" content=\"summary_large_image\" \/>\n<script type=\"application\/ld+json\" class=\"yoast-schema-graph\">{\"@context\":\"https:\\\/\\\/schema.org\",\"@graph\":[{\"@type\":\"WebPage\",\"@id\":\"https:\\\/\\\/www.fruseassociati.it\\\/fr\\\/les-professionnels\\\/giulia-mittica\\\/\",\"url\":\"https:\\\/\\\/www.fruseassociati.it\\\/fr\\\/les-professionnels\\\/giulia-mittica\\\/\",\"name\":\"Giulia Mittica - Studio Legale Frus\",\"isPartOf\":{\"@id\":\"https:\\\/\\\/www.fruseassociati.it\\\/fr\\\/#website\"},\"primaryImageOfPage\":{\"@id\":\"https:\\\/\\\/www.fruseassociati.it\\\/fr\\\/les-professionnels\\\/giulia-mittica\\\/#primaryimage\"},\"image\":{\"@id\":\"https:\\\/\\\/www.fruseassociati.it\\\/fr\\\/les-professionnels\\\/giulia-mittica\\\/#primaryimage\"},\"thumbnailUrl\":\"https:\\\/\\\/www.fruseassociati.it\\\/wp-content\\\/uploads\\\/2025\\\/11\\\/Avv.-Giulia-Mittica-1-777x1024.jpeg\",\"datePublished\":\"2025-11-25T17:47:34+00:00\",\"dateModified\":\"2025-11-27T09:56:49+00:00\",\"breadcrumb\":{\"@id\":\"https:\\\/\\\/www.fruseassociati.it\\\/fr\\\/les-professionnels\\\/giulia-mittica\\\/#breadcrumb\"},\"inLanguage\":\"fr-FR\",\"potentialAction\":[{\"@type\":\"ReadAction\",\"target\":[\"https:\\\/\\\/www.fruseassociati.it\\\/fr\\\/les-professionnels\\\/giulia-mittica\\\/\"]}]},{\"@type\":\"ImageObject\",\"inLanguage\":\"fr-FR\",\"@id\":\"https:\\\/\\\/www.fruseassociati.it\\\/fr\\\/les-professionnels\\\/giulia-mittica\\\/#primaryimage\",\"url\":\"https:\\\/\\\/www.fruseassociati.it\\\/wp-content\\\/uploads\\\/2025\\\/11\\\/Avv.-Giulia-Mittica-1-777x1024.jpeg\",\"contentUrl\":\"https:\\\/\\\/www.fruseassociati.it\\\/wp-content\\\/uploads\\\/2025\\\/11\\\/Avv.-Giulia-Mittica-1-777x1024.jpeg\"},{\"@type\":\"BreadcrumbList\",\"@id\":\"https:\\\/\\\/www.fruseassociati.it\\\/fr\\\/les-professionnels\\\/giulia-mittica\\\/#breadcrumb\",\"itemListElement\":[{\"@type\":\"ListItem\",\"position\":1,\"name\":\"Home\",\"item\":\"https:\\\/\\\/www.fruseassociati.it\\\/fr\\\/\"},{\"@type\":\"ListItem\",\"position\":2,\"name\":\"Les professionnels\",\"item\":\"https:\\\/\\\/www.fruseassociati.it\\\/fr\\\/i-professionisti\\\/\"},{\"@type\":\"ListItem\",\"position\":3,\"name\":\"Giulia Mittica\"}]},{\"@type\":\"WebSite\",\"@id\":\"https:\\\/\\\/www.fruseassociati.it\\\/fr\\\/#website\",\"url\":\"https:\\\/\\\/www.fruseassociati.it\\\/fr\\\/\",\"name\":\"Studio Legale Frus\",\"description\":\"\",\"potentialAction\":[{\"@type\":\"SearchAction\",\"target\":{\"@type\":\"EntryPoint\",\"urlTemplate\":\"https:\\\/\\\/www.fruseassociati.it\\\/fr\\\/?s={search_term_string}\"},\"query-input\":{\"@type\":\"PropertyValueSpecification\",\"valueRequired\":true,\"valueName\":\"search_term_string\"}}],\"inLanguage\":\"fr-FR\"}]}<\/script>\n<!-- \/ Yoast SEO plugin. -->","yoast_head_json":{"title":"Giulia Mittica - Studio Legale Frus","robots":{"index":"index","follow":"follow","max-snippet":"max-snippet:-1","max-image-preview":"max-image-preview:large","max-video-preview":"max-video-preview:-1"},"canonical":"https:\/\/www.fruseassociati.it\/fr\/les-professionnels\/giulia-mittica\/","og_locale":"fr_FR","og_type":"article","og_title":"Giulia Mittica - Studio Legale Frus","og_description":"Avocate Giulia Mittica giulia.mittica@fruseassociati.it Tel +39 011 56 20 257Tel +39 011 56 13 240Fax +39 011 54 63 23 FORMATION:\u00a0Universit\u00e9 de Turin, dipl\u00f4m\u00e9e en Droit HABILITATIONS:\u00a0avocate inscrit au Barreau de Turin LANGUES \u00c9TRANG\u00c8RES:\u00a0anglais Giulia Mittica collabore depuis octobre 2025 avec l&rsquo;association professionnelle Frus e Associati et a obtenu son habilitation \u00e0 exercer la profession [&hellip;]","og_url":"https:\/\/www.fruseassociati.it\/fr\/les-professionnels\/giulia-mittica\/","og_site_name":"Studio Legale Frus","article_modified_time":"2025-11-27T09:56:49+00:00","og_image":[{"width":1943,"height":2560,"url":"https:\/\/www.fruseassociati.it\/wp-content\/uploads\/2025\/11\/Avv.-Giulia-Mittica-1-scaled.jpeg","type":"image\/jpeg"}],"twitter_card":"summary_large_image","schema":{"@context":"https:\/\/schema.org","@graph":[{"@type":"WebPage","@id":"https:\/\/www.fruseassociati.it\/fr\/les-professionnels\/giulia-mittica\/","url":"https:\/\/www.fruseassociati.it\/fr\/les-professionnels\/giulia-mittica\/","name":"Giulia Mittica - Studio Legale Frus","isPartOf":{"@id":"https:\/\/www.fruseassociati.it\/fr\/#website"},"primaryImageOfPage":{"@id":"https:\/\/www.fruseassociati.it\/fr\/les-professionnels\/giulia-mittica\/#primaryimage"},"image":{"@id":"https:\/\/www.fruseassociati.it\/fr\/les-professionnels\/giulia-mittica\/#primaryimage"},"thumbnailUrl":"https:\/\/www.fruseassociati.it\/wp-content\/uploads\/2025\/11\/Avv.-Giulia-Mittica-1-777x1024.jpeg","datePublished":"2025-11-25T17:47:34+00:00","dateModified":"2025-11-27T09:56:49+00:00","breadcrumb":{"@id":"https:\/\/www.fruseassociati.it\/fr\/les-professionnels\/giulia-mittica\/#breadcrumb"},"inLanguage":"fr-FR","potentialAction":[{"@type":"ReadAction","target":["https:\/\/www.fruseassociati.it\/fr\/les-professionnels\/giulia-mittica\/"]}]},{"@type":"ImageObject","inLanguage":"fr-FR","@id":"https:\/\/www.fruseassociati.it\/fr\/les-professionnels\/giulia-mittica\/#primaryimage","url":"https:\/\/www.fruseassociati.it\/wp-content\/uploads\/2025\/11\/Avv.-Giulia-Mittica-1-777x1024.jpeg","contentUrl":"https:\/\/www.fruseassociati.it\/wp-content\/uploads\/2025\/11\/Avv.-Giulia-Mittica-1-777x1024.jpeg"},{"@type":"BreadcrumbList","@id":"https:\/\/www.fruseassociati.it\/fr\/les-professionnels\/giulia-mittica\/#breadcrumb","itemListElement":[{"@type":"ListItem","position":1,"name":"Home","item":"https:\/\/www.fruseassociati.it\/fr\/"},{"@type":"ListItem","position":2,"name":"Les professionnels","item":"https:\/\/www.fruseassociati.it\/fr\/i-professionisti\/"},{"@type":"ListItem","position":3,"name":"Giulia Mittica"}]},{"@type":"WebSite","@id":"https:\/\/www.fruseassociati.it\/fr\/#website","url":"https:\/\/www.fruseassociati.it\/fr\/","name":"Studio Legale Frus","description":"","potentialAction":[{"@type":"SearchAction","target":{"@type":"EntryPoint","urlTemplate":"https:\/\/www.fruseassociati.it\/fr\/?s={search_term_string}"},"query-input":{"@type":"PropertyValueSpecification","valueRequired":true,"valueName":"search_term_string"}}],"inLanguage":"fr-FR"}]}},"_links":{"self":[{"href":"https:\/\/www.fruseassociati.it\/fr\/wp-json\/wp\/v2\/pages\/2780","targetHints":{"allow":["GET"]}}],"collection":[{"href":"https:\/\/www.fruseassociati.it\/fr\/wp-json\/wp\/v2\/pages"}],"about":[{"href":"https:\/\/www.fruseassociati.it\/fr\/wp-json\/wp\/v2\/types\/page"}],"author":[{"embeddable":true,"href":"https:\/\/www.fruseassociati.it\/fr\/wp-json\/wp\/v2\/users\/6"}],"replies":[{"embeddable":true,"href":"https:\/\/www.fruseassociati.it\/fr\/wp-json\/wp\/v2\/comments?post=2780"}],"version-history":[{"count":10,"href":"https:\/\/www.fruseassociati.it\/fr\/wp-json\/wp\/v2\/pages\/2780\/revisions"}],"predecessor-version":[{"id":2987,"href":"https:\/\/www.fruseassociati.it\/fr\/wp-json\/wp\/v2\/pages\/2780\/revisions\/2987"}],"up":[{"embeddable":true,"href":"https:\/\/www.fruseassociati.it\/fr\/wp-json\/wp\/v2\/pages\/731"}],"wp:attachment":[{"href":"https:\/\/www.fruseassociati.it\/fr\/wp-json\/wp\/v2\/media?parent=2780"}],"curies":[{"name":"wp","href":"https:\/\/api.w.org\/{rel}","templated":true}]}}