{"id":1708,"date":"2023-03-02T10:43:11","date_gmt":"2023-03-02T09:43:11","guid":{"rendered":"https:\/\/www.fruseassociati.it\/les-professionnels\/sara-falchero\/"},"modified":"2026-02-23T10:16:29","modified_gmt":"2026-02-23T09:16:29","slug":"martina-quaglia","status":"publish","type":"page","link":"https:\/\/www.fruseassociati.it\/fr\/les-professionnels\/martina-quaglia\/","title":{"rendered":"Martina Quaglia"},"content":{"rendered":"\t\t<div data-elementor-type=\"wp-page\" data-elementor-id=\"1708\" class=\"elementor elementor-1708 elementor-1679\">\n\t\t\t\t\t\t<section class=\"elementor-section elementor-top-section elementor-element elementor-element-2e7e181f elementor-section-full_width elementor-section-height-min-height page-header professionisti elementor-section-height-default elementor-section-items-middle\" data-id=\"2e7e181f\" data-element_type=\"section\" data-e-type=\"section\" data-settings=\"{&quot;background_background&quot;:&quot;classic&quot;}\">\n\t\t\t\t\t\t<div class=\"elementor-container elementor-column-gap-default\">\n\t\t\t\t\t<div class=\"elementor-column elementor-col-100 elementor-top-column elementor-element elementor-element-36c0080c\" data-id=\"36c0080c\" data-element_type=\"column\" data-e-type=\"column\">\n\t\t\t<div class=\"elementor-widget-wrap elementor-element-populated\">\n\t\t\t\t\t\t<section class=\"elementor-section elementor-inner-section elementor-element elementor-element-2dc3bd01 prof-title elementor-section-boxed elementor-section-height-default elementor-section-height-default elementor-invisible\" data-id=\"2dc3bd01\" data-element_type=\"section\" data-e-type=\"section\" data-settings=\"{&quot;animation&quot;:&quot;fadeInLeft&quot;}\">\n\t\t\t\t\t\t<div class=\"elementor-container elementor-column-gap-default\">\n\t\t\t\t\t<div class=\"elementor-column elementor-col-100 elementor-inner-column elementor-element elementor-element-1c0835b3\" data-id=\"1c0835b3\" data-element_type=\"column\" data-e-type=\"column\">\n\t\t\t<div class=\"elementor-widget-wrap elementor-element-populated\">\n\t\t\t\t\t\t<div class=\"elementor-element elementor-element-50058811 elementor-widget elementor-widget-heading\" data-id=\"50058811\" data-element_type=\"widget\" data-e-type=\"widget\" data-widget_type=\"heading.default\">\n\t\t\t\t<div class=\"elementor-widget-container\">\n\t\t\t\t\t<h1 class=\"elementor-heading-title elementor-size-default\">Juriste Martina Quaglia<\/h1>\t\t\t\t<\/div>\n\t\t\t\t<\/div>\n\t\t\t\t\t<\/div>\n\t\t<\/div>\n\t\t\t\t\t<\/div>\n\t\t<\/section>\n\t\t\t\t<section class=\"elementor-section elementor-inner-section elementor-element elementor-element-4ebba5e5 prof-info elementor-section-boxed elementor-section-height-default elementor-section-height-default\" data-id=\"4ebba5e5\" data-element_type=\"section\" data-e-type=\"section\">\n\t\t\t\t\t\t<div class=\"elementor-container elementor-column-gap-default\">\n\t\t\t\t\t<div class=\"elementor-column elementor-col-50 elementor-inner-column elementor-element elementor-element-59577df6\" data-id=\"59577df6\" data-element_type=\"column\" data-e-type=\"column\">\n\t\t\t<div class=\"elementor-widget-wrap elementor-element-populated\">\n\t\t\t\t\t\t<div class=\"elementor-element elementor-element-1f9512f2 elementor-invisible elementor-widget elementor-widget-text-editor\" data-id=\"1f9512f2\" data-element_type=\"widget\" data-e-type=\"widget\" data-settings=\"{&quot;_animation&quot;:&quot;fadeInLeft&quot;}\" data-widget_type=\"text-editor.default\">\n\t\t\t\t<div class=\"elementor-widget-container\">\n\t\t\t\t\t\t\t\t\t<p><a href=\"mailto:martina.quaglia@fruseassociati.it\">martina.quaglia@fruseassociati.it<\/a><\/p>\n<p><a href=\"tel:00390115620257\">Tel +39 011 56 20 257<\/a><br \/><a href=\"tel:00390115620257\">Tel +39 011 56 13 240<\/a><br \/>Fax +39 011 54 63 23<\/p>\n\t\t\t\t\t\t\t\t<\/div>\n\t\t\t\t<\/div>\n\t\t\t\t\t<\/div>\n\t\t<\/div>\n\t\t\t\t<div class=\"elementor-column elementor-col-50 elementor-inner-column elementor-element elementor-element-2faab54\" data-id=\"2faab54\" data-element_type=\"column\" data-e-type=\"column\">\n\t\t\t<div class=\"elementor-widget-wrap elementor-element-populated\">\n\t\t\t\t\t\t<div class=\"elementor-element elementor-element-133700a9 elementor-invisible elementor-widget elementor-widget-text-editor\" data-id=\"133700a9\" data-element_type=\"widget\" data-e-type=\"widget\" data-settings=\"{&quot;_animation&quot;:&quot;fadeInRight&quot;}\" data-widget_type=\"text-editor.default\">\n\t\t\t\t<div class=\"elementor-widget-container\">\n\t\t\t\t\t\t\t\t\t<p><strong>FORMATION:<\/strong> Universit\u00e9 de Turin, dipl\u00f4m\u00e9 en droit<\/p>\n<p>Avocate stagiaire \u00e0 Turin<\/p>\n<p><strong>LANGUES \u00c9TRANG\u00c8RES:<\/strong> anglais<\/p>\n\t\t\t\t\t\t\t\t<\/div>\n\t\t\t\t<\/div>\n\t\t\t\t\t<\/div>\n\t\t<\/div>\n\t\t\t\t\t<\/div>\n\t\t<\/section>\n\t\t\t\t\t<\/div>\n\t\t<\/div>\n\t\t\t\t\t<\/div>\n\t\t<\/section>\n\t\t\t\t<section class=\"elementor-section elementor-top-section elementor-element elementor-element-3cfebf8c elementor-section-boxed elementor-section-height-default elementor-section-height-default\" data-id=\"3cfebf8c\" data-element_type=\"section\" data-e-type=\"section\">\n\t\t\t\t\t\t<div class=\"elementor-container elementor-column-gap-default\">\n\t\t\t\t\t<div class=\"elementor-column elementor-col-100 elementor-top-column elementor-element elementor-element-26a11474\" data-id=\"26a11474\" data-element_type=\"column\" data-e-type=\"column\">\n\t\t\t<div class=\"elementor-widget-wrap elementor-element-populated\">\n\t\t\t\t\t\t<section class=\"elementor-section elementor-inner-section elementor-element elementor-element-e16e216 elementor-section-boxed elementor-section-height-default elementor-section-height-default\" data-id=\"e16e216\" data-element_type=\"section\" data-e-type=\"section\">\n\t\t\t\t\t\t<div class=\"elementor-container elementor-column-gap-default\">\n\t\t\t\t\t<div class=\"elementor-column elementor-col-50 elementor-inner-column elementor-element elementor-element-6f6c3f0\" data-id=\"6f6c3f0\" data-element_type=\"column\" data-e-type=\"column\">\n\t\t\t<div class=\"elementor-widget-wrap elementor-element-populated\">\n\t\t\t\t\t\t<div class=\"elementor-element elementor-element-3e79dd1a elementor-invisible elementor-widget elementor-widget-text-editor\" data-id=\"3e79dd1a\" data-element_type=\"widget\" data-e-type=\"widget\" data-settings=\"{&quot;_animation&quot;:&quot;fadeInLeft&quot;}\" data-widget_type=\"text-editor.default\">\n\t\t\t\t<div class=\"elementor-widget-container\">\n\t\t\t\t\t\t\t\t\t<p>Martina Quaglia a \u00e9tabli une collaboration avec l\u2019association professionnelle Frus e Associati en octobre 2023, o\u00f9 elle exerce son r\u00f4le de juriste.<\/p>\n<p>Elle est licenci\u00e9e \u00e0 l&rsquo;Universit\u00e9 de Turin en april 2023, avec une dissertation intitul\u00e9e \u00ab\u00a0<em>La circulation internationale des biens culturels<\/em>\u00ab\u00a0.<\/p>\n\t\t\t\t\t\t\t\t<\/div>\n\t\t\t\t<\/div>\n\t\t\t\t\t<\/div>\n\t\t<\/div>\n\t\t\t\t<div class=\"elementor-column elementor-col-50 elementor-inner-column elementor-element elementor-element-6cce34ff\" data-id=\"6cce34ff\" data-element_type=\"column\" data-e-type=\"column\">\n\t\t\t<div class=\"elementor-widget-wrap elementor-element-populated\">\n\t\t\t\t\t\t<div class=\"elementor-element elementor-element-43c8b989 elementor-invisible elementor-widget elementor-widget-image\" data-id=\"43c8b989\" data-element_type=\"widget\" data-e-type=\"widget\" data-settings=\"{&quot;_animation&quot;:&quot;fadeInRight&quot;}\" data-widget_type=\"image.default\">\n\t\t\t\t<div class=\"elementor-widget-container\">\n\t\t\t\t\t\t\t\t\t\t\t\t\t\t\t<img fetchpriority=\"high\" decoding=\"async\" width=\"785\" height=\"1024\" src=\"https:\/\/www.fruseassociati.it\/wp-content\/uploads\/2026\/02\/Dott.ssa-Martina-Quaglia-785x1024.jpg\" class=\"attachment-large size-large wp-image-3085\" alt=\"\" srcset=\"https:\/\/www.fruseassociati.it\/wp-content\/uploads\/2026\/02\/Dott.ssa-Martina-Quaglia-785x1024.jpg 785w, https:\/\/www.fruseassociati.it\/wp-content\/uploads\/2026\/02\/Dott.ssa-Martina-Quaglia-230x300.jpg 230w, https:\/\/www.fruseassociati.it\/wp-content\/uploads\/2026\/02\/Dott.ssa-Martina-Quaglia-768x1002.jpg 768w, https:\/\/www.fruseassociati.it\/wp-content\/uploads\/2026\/02\/Dott.ssa-Martina-Quaglia-1177x1536.jpg 1177w, https:\/\/www.fruseassociati.it\/wp-content\/uploads\/2026\/02\/Dott.ssa-Martina-Quaglia-1570x2048.jpg 1570w, https:\/\/www.fruseassociati.it\/wp-content\/uploads\/2026\/02\/Dott.ssa-Martina-Quaglia-scaled.jpg 1962w\" sizes=\"(max-width: 785px) 100vw, 785px\" \/>\t\t\t\t\t\t\t\t\t\t\t\t\t\t\t<\/div>\n\t\t\t\t<\/div>\n\t\t\t\t\t<\/div>\n\t\t<\/div>\n\t\t\t\t\t<\/div>\n\t\t<\/section>\n\t\t\t\t\t<\/div>\n\t\t<\/div>\n\t\t\t\t\t<\/div>\n\t\t<\/section>\n\t\t\t\t<\/div>\n\t\t","protected":false},"excerpt":{"rendered":"<p>Juriste Martina Quaglia martina.quaglia@fruseassociati.it Tel +39 011 56 20 257Tel +39 011 56 13 240Fax +39 011 54 63 23 FORMATION: Universit\u00e9 de Turin, dipl\u00f4m\u00e9 en droit Avocate stagiaire \u00e0 Turin LANGUES \u00c9TRANG\u00c8RES: anglais Martina Quaglia a \u00e9tabli une collaboration avec l\u2019association professionnelle Frus e Associati en octobre 2023, o\u00f9 elle exerce son r\u00f4le de [&hellip;]<\/p>\n","protected":false},"author":8,"featured_media":0,"parent":731,"menu_order":0,"comment_status":"closed","ping_status":"closed","template":"fullwidth-no-container.php","meta":{"footnotes":""},"class_list":["post-1708","page","type-page","status-publish","hentry"],"yoast_head":"<!-- This site is optimized with the Yoast SEO plugin v27.5 - https:\/\/yoast.com\/product\/yoast-seo-wordpress\/ -->\n<title>Martina Quaglia - Studio Legale Frus<\/title>\n<meta name=\"robots\" content=\"index, follow, max-snippet:-1, max-image-preview:large, max-video-preview:-1\" \/>\n<link rel=\"canonical\" href=\"https:\/\/www.fruseassociati.it\/fr\/les-professionnels\/martina-quaglia\/\" \/>\n<meta property=\"og:locale\" content=\"fr_FR\" \/>\n<meta property=\"og:type\" content=\"article\" \/>\n<meta property=\"og:title\" content=\"Martina Quaglia - Studio Legale Frus\" \/>\n<meta property=\"og:description\" content=\"Juriste Martina Quaglia martina.quaglia@fruseassociati.it Tel +39 011 56 20 257Tel +39 011 56 13 240Fax +39 011 54 63 23 FORMATION: Universit\u00e9 de Turin, dipl\u00f4m\u00e9 en droit Avocate stagiaire \u00e0 Turin LANGUES \u00c9TRANG\u00c8RES: anglais Martina Quaglia a \u00e9tabli une collaboration avec l\u2019association professionnelle Frus e Associati en octobre 2023, o\u00f9 elle exerce son r\u00f4le de [&hellip;]\" \/>\n<meta property=\"og:url\" content=\"https:\/\/www.fruseassociati.it\/fr\/les-professionnels\/martina-quaglia\/\" \/>\n<meta property=\"og:site_name\" content=\"Studio Legale Frus\" \/>\n<meta property=\"article:modified_time\" content=\"2026-02-23T09:16:29+00:00\" \/>\n<meta property=\"og:image\" content=\"https:\/\/www.fruseassociati.it\/wp-content\/uploads\/2026\/02\/Dott.ssa-Martina-Quaglia-scaled.jpg\" \/>\n\t<meta property=\"og:image:width\" content=\"1962\" \/>\n\t<meta property=\"og:image:height\" content=\"2560\" \/>\n\t<meta property=\"og:image:type\" content=\"image\/jpeg\" \/>\n<meta name=\"twitter:card\" content=\"summary_large_image\" \/>\n<script type=\"application\/ld+json\" class=\"yoast-schema-graph\">{\"@context\":\"https:\\\/\\\/schema.org\",\"@graph\":[{\"@type\":\"WebPage\",\"@id\":\"https:\\\/\\\/www.fruseassociati.it\\\/fr\\\/les-professionnels\\\/martina-quaglia\\\/\",\"url\":\"https:\\\/\\\/www.fruseassociati.it\\\/fr\\\/les-professionnels\\\/martina-quaglia\\\/\",\"name\":\"Martina Quaglia - Studio Legale Frus\",\"isPartOf\":{\"@id\":\"https:\\\/\\\/www.fruseassociati.it\\\/fr\\\/#website\"},\"primaryImageOfPage\":{\"@id\":\"https:\\\/\\\/www.fruseassociati.it\\\/fr\\\/les-professionnels\\\/martina-quaglia\\\/#primaryimage\"},\"image\":{\"@id\":\"https:\\\/\\\/www.fruseassociati.it\\\/fr\\\/les-professionnels\\\/martina-quaglia\\\/#primaryimage\"},\"thumbnailUrl\":\"https:\\\/\\\/www.fruseassociati.it\\\/wp-content\\\/uploads\\\/2026\\\/02\\\/Dott.ssa-Martina-Quaglia-785x1024.jpg\",\"datePublished\":\"2023-03-02T09:43:11+00:00\",\"dateModified\":\"2026-02-23T09:16:29+00:00\",\"breadcrumb\":{\"@id\":\"https:\\\/\\\/www.fruseassociati.it\\\/fr\\\/les-professionnels\\\/martina-quaglia\\\/#breadcrumb\"},\"inLanguage\":\"fr-FR\",\"potentialAction\":[{\"@type\":\"ReadAction\",\"target\":[\"https:\\\/\\\/www.fruseassociati.it\\\/fr\\\/les-professionnels\\\/martina-quaglia\\\/\"]}]},{\"@type\":\"ImageObject\",\"inLanguage\":\"fr-FR\",\"@id\":\"https:\\\/\\\/www.fruseassociati.it\\\/fr\\\/les-professionnels\\\/martina-quaglia\\\/#primaryimage\",\"url\":\"https:\\\/\\\/www.fruseassociati.it\\\/wp-content\\\/uploads\\\/2026\\\/02\\\/Dott.ssa-Martina-Quaglia-785x1024.jpg\",\"contentUrl\":\"https:\\\/\\\/www.fruseassociati.it\\\/wp-content\\\/uploads\\\/2026\\\/02\\\/Dott.ssa-Martina-Quaglia-785x1024.jpg\"},{\"@type\":\"BreadcrumbList\",\"@id\":\"https:\\\/\\\/www.fruseassociati.it\\\/fr\\\/les-professionnels\\\/martina-quaglia\\\/#breadcrumb\",\"itemListElement\":[{\"@type\":\"ListItem\",\"position\":1,\"name\":\"Home\",\"item\":\"https:\\\/\\\/www.fruseassociati.it\\\/fr\\\/\"},{\"@type\":\"ListItem\",\"position\":2,\"name\":\"Les professionnels\",\"item\":\"https:\\\/\\\/www.fruseassociati.it\\\/fr\\\/i-professionisti\\\/\"},{\"@type\":\"ListItem\",\"position\":3,\"name\":\"Martina Quaglia\"}]},{\"@type\":\"WebSite\",\"@id\":\"https:\\\/\\\/www.fruseassociati.it\\\/fr\\\/#website\",\"url\":\"https:\\\/\\\/www.fruseassociati.it\\\/fr\\\/\",\"name\":\"Studio Legale Frus\",\"description\":\"\",\"potentialAction\":[{\"@type\":\"SearchAction\",\"target\":{\"@type\":\"EntryPoint\",\"urlTemplate\":\"https:\\\/\\\/www.fruseassociati.it\\\/fr\\\/?s={search_term_string}\"},\"query-input\":{\"@type\":\"PropertyValueSpecification\",\"valueRequired\":true,\"valueName\":\"search_term_string\"}}],\"inLanguage\":\"fr-FR\"}]}<\/script>\n<!-- \/ Yoast SEO plugin. -->","yoast_head_json":{"title":"Martina Quaglia - Studio Legale Frus","robots":{"index":"index","follow":"follow","max-snippet":"max-snippet:-1","max-image-preview":"max-image-preview:large","max-video-preview":"max-video-preview:-1"},"canonical":"https:\/\/www.fruseassociati.it\/fr\/les-professionnels\/martina-quaglia\/","og_locale":"fr_FR","og_type":"article","og_title":"Martina Quaglia - Studio Legale Frus","og_description":"Juriste Martina Quaglia martina.quaglia@fruseassociati.it Tel +39 011 56 20 257Tel +39 011 56 13 240Fax +39 011 54 63 23 FORMATION: Universit\u00e9 de Turin, dipl\u00f4m\u00e9 en droit Avocate stagiaire \u00e0 Turin LANGUES \u00c9TRANG\u00c8RES: anglais Martina Quaglia a \u00e9tabli une collaboration avec l\u2019association professionnelle Frus e Associati en octobre 2023, o\u00f9 elle exerce son r\u00f4le de [&hellip;]","og_url":"https:\/\/www.fruseassociati.it\/fr\/les-professionnels\/martina-quaglia\/","og_site_name":"Studio Legale Frus","article_modified_time":"2026-02-23T09:16:29+00:00","og_image":[{"width":1962,"height":2560,"url":"https:\/\/www.fruseassociati.it\/wp-content\/uploads\/2026\/02\/Dott.ssa-Martina-Quaglia-scaled.jpg","type":"image\/jpeg"}],"twitter_card":"summary_large_image","schema":{"@context":"https:\/\/schema.org","@graph":[{"@type":"WebPage","@id":"https:\/\/www.fruseassociati.it\/fr\/les-professionnels\/martina-quaglia\/","url":"https:\/\/www.fruseassociati.it\/fr\/les-professionnels\/martina-quaglia\/","name":"Martina Quaglia - Studio Legale Frus","isPartOf":{"@id":"https:\/\/www.fruseassociati.it\/fr\/#website"},"primaryImageOfPage":{"@id":"https:\/\/www.fruseassociati.it\/fr\/les-professionnels\/martina-quaglia\/#primaryimage"},"image":{"@id":"https:\/\/www.fruseassociati.it\/fr\/les-professionnels\/martina-quaglia\/#primaryimage"},"thumbnailUrl":"https:\/\/www.fruseassociati.it\/wp-content\/uploads\/2026\/02\/Dott.ssa-Martina-Quaglia-785x1024.jpg","datePublished":"2023-03-02T09:43:11+00:00","dateModified":"2026-02-23T09:16:29+00:00","breadcrumb":{"@id":"https:\/\/www.fruseassociati.it\/fr\/les-professionnels\/martina-quaglia\/#breadcrumb"},"inLanguage":"fr-FR","potentialAction":[{"@type":"ReadAction","target":["https:\/\/www.fruseassociati.it\/fr\/les-professionnels\/martina-quaglia\/"]}]},{"@type":"ImageObject","inLanguage":"fr-FR","@id":"https:\/\/www.fruseassociati.it\/fr\/les-professionnels\/martina-quaglia\/#primaryimage","url":"https:\/\/www.fruseassociati.it\/wp-content\/uploads\/2026\/02\/Dott.ssa-Martina-Quaglia-785x1024.jpg","contentUrl":"https:\/\/www.fruseassociati.it\/wp-content\/uploads\/2026\/02\/Dott.ssa-Martina-Quaglia-785x1024.jpg"},{"@type":"BreadcrumbList","@id":"https:\/\/www.fruseassociati.it\/fr\/les-professionnels\/martina-quaglia\/#breadcrumb","itemListElement":[{"@type":"ListItem","position":1,"name":"Home","item":"https:\/\/www.fruseassociati.it\/fr\/"},{"@type":"ListItem","position":2,"name":"Les professionnels","item":"https:\/\/www.fruseassociati.it\/fr\/i-professionisti\/"},{"@type":"ListItem","position":3,"name":"Martina Quaglia"}]},{"@type":"WebSite","@id":"https:\/\/www.fruseassociati.it\/fr\/#website","url":"https:\/\/www.fruseassociati.it\/fr\/","name":"Studio Legale Frus","description":"","potentialAction":[{"@type":"SearchAction","target":{"@type":"EntryPoint","urlTemplate":"https:\/\/www.fruseassociati.it\/fr\/?s={search_term_string}"},"query-input":{"@type":"PropertyValueSpecification","valueRequired":true,"valueName":"search_term_string"}}],"inLanguage":"fr-FR"}]}},"_links":{"self":[{"href":"https:\/\/www.fruseassociati.it\/fr\/wp-json\/wp\/v2\/pages\/1708","targetHints":{"allow":["GET"]}}],"collection":[{"href":"https:\/\/www.fruseassociati.it\/fr\/wp-json\/wp\/v2\/pages"}],"about":[{"href":"https:\/\/www.fruseassociati.it\/fr\/wp-json\/wp\/v2\/types\/page"}],"author":[{"embeddable":true,"href":"https:\/\/www.fruseassociati.it\/fr\/wp-json\/wp\/v2\/users\/8"}],"replies":[{"embeddable":true,"href":"https:\/\/www.fruseassociati.it\/fr\/wp-json\/wp\/v2\/comments?post=1708"}],"version-history":[{"count":23,"href":"https:\/\/www.fruseassociati.it\/fr\/wp-json\/wp\/v2\/pages\/1708\/revisions"}],"predecessor-version":[{"id":3099,"href":"https:\/\/www.fruseassociati.it\/fr\/wp-json\/wp\/v2\/pages\/1708\/revisions\/3099"}],"up":[{"embeddable":true,"href":"https:\/\/www.fruseassociati.it\/fr\/wp-json\/wp\/v2\/pages\/731"}],"wp:attachment":[{"href":"https:\/\/www.fruseassociati.it\/fr\/wp-json\/wp\/v2\/media?parent=1708"}],"curies":[{"name":"wp","href":"https:\/\/api.w.org\/{rel}","templated":true}]}}