{"id":1189,"date":"2021-11-29T11:32:21","date_gmt":"2021-11-29T10:32:21","guid":{"rendered":"https:\/\/studiofrus.archibuzz.tech\/les-professionnels\/lorenzo-rovej\/"},"modified":"2025-11-27T10:59:39","modified_gmt":"2025-11-27T09:59:39","slug":"giulia-losco","status":"publish","type":"page","link":"https:\/\/www.fruseassociati.it\/fr\/les-professionnels\/giulia-losco\/","title":{"rendered":"Giulia Losco"},"content":{"rendered":"\t\t<div data-elementor-type=\"wp-page\" data-elementor-id=\"1189\" class=\"elementor elementor-1189 elementor-1129\">\n\t\t\t\t\t\t<section class=\"elementor-section elementor-top-section elementor-element elementor-element-3fbfa04f elementor-section-full_width elementor-section-height-min-height page-header professionisti elementor-section-height-default elementor-section-items-middle\" data-id=\"3fbfa04f\" data-element_type=\"section\" data-e-type=\"section\" data-settings=\"{&quot;background_background&quot;:&quot;classic&quot;}\">\n\t\t\t\t\t\t<div class=\"elementor-container elementor-column-gap-default\">\n\t\t\t\t\t<div class=\"elementor-column elementor-col-100 elementor-top-column elementor-element elementor-element-17960971\" data-id=\"17960971\" data-element_type=\"column\" data-e-type=\"column\">\n\t\t\t<div class=\"elementor-widget-wrap elementor-element-populated\">\n\t\t\t\t\t\t<section class=\"elementor-section elementor-inner-section elementor-element elementor-element-c1ff8da prof-title elementor-section-boxed elementor-section-height-default elementor-section-height-default elementor-invisible\" data-id=\"c1ff8da\" data-element_type=\"section\" data-e-type=\"section\" data-settings=\"{&quot;animation&quot;:&quot;fadeInLeft&quot;}\">\n\t\t\t\t\t\t<div class=\"elementor-container elementor-column-gap-default\">\n\t\t\t\t\t<div class=\"elementor-column elementor-col-100 elementor-inner-column elementor-element elementor-element-3ffa9fec\" data-id=\"3ffa9fec\" data-element_type=\"column\" data-e-type=\"column\">\n\t\t\t<div class=\"elementor-widget-wrap elementor-element-populated\">\n\t\t\t\t\t\t<div class=\"elementor-element elementor-element-43448485 elementor-widget elementor-widget-heading\" data-id=\"43448485\" data-element_type=\"widget\" data-e-type=\"widget\" data-widget_type=\"heading.default\">\n\t\t\t\t<div class=\"elementor-widget-container\">\n\t\t\t\t\t<h1 class=\"elementor-heading-title elementor-size-default\">Avocate Giulia Losco<\/h1>\t\t\t\t<\/div>\n\t\t\t\t<\/div>\n\t\t\t\t\t<\/div>\n\t\t<\/div>\n\t\t\t\t\t<\/div>\n\t\t<\/section>\n\t\t\t\t<section class=\"elementor-section elementor-inner-section elementor-element elementor-element-2ddec33c prof-info elementor-section-boxed elementor-section-height-default elementor-section-height-default\" data-id=\"2ddec33c\" data-element_type=\"section\" data-e-type=\"section\">\n\t\t\t\t\t\t<div class=\"elementor-container elementor-column-gap-default\">\n\t\t\t\t\t<div class=\"elementor-column elementor-col-50 elementor-inner-column elementor-element elementor-element-4f95f0de\" data-id=\"4f95f0de\" data-element_type=\"column\" data-e-type=\"column\">\n\t\t\t<div class=\"elementor-widget-wrap elementor-element-populated\">\n\t\t\t\t\t\t<div class=\"elementor-element elementor-element-4dd3888d elementor-invisible elementor-widget elementor-widget-text-editor\" data-id=\"4dd3888d\" data-element_type=\"widget\" data-e-type=\"widget\" data-settings=\"{&quot;_animation&quot;:&quot;fadeInLeft&quot;}\" data-widget_type=\"text-editor.default\">\n\t\t\t\t<div class=\"elementor-widget-container\">\n\t\t\t\t\t\t\t\t\t<p><a href=\"mailto:martina.quaglia@fruseassociati.it\"><span style=\"text-decoration: underline;\">giulia.losco@fruseassociati.it<\/span><\/a><\/p>\n<p><a href=\"tel:00390115620257\">Tel +39 011 56 20 257<\/a><br \/><a href=\"tel:00390115620257\">Tel +39 011 56 13 240<\/a><br \/>Fax +39 011 54 63 23<\/p>\n\t\t\t\t\t\t\t\t<\/div>\n\t\t\t\t<\/div>\n\t\t\t\t\t<\/div>\n\t\t<\/div>\n\t\t\t\t<div class=\"elementor-column elementor-col-50 elementor-inner-column elementor-element elementor-element-1ede5f8a\" data-id=\"1ede5f8a\" data-element_type=\"column\" data-e-type=\"column\">\n\t\t\t<div class=\"elementor-widget-wrap elementor-element-populated\">\n\t\t\t\t\t\t<div class=\"elementor-element elementor-element-2b005bfa elementor-invisible elementor-widget elementor-widget-text-editor\" data-id=\"2b005bfa\" data-element_type=\"widget\" data-e-type=\"widget\" data-settings=\"{&quot;_animation&quot;:&quot;fadeInRight&quot;}\" data-widget_type=\"text-editor.default\">\n\t\t\t\t<div class=\"elementor-widget-container\">\n\t\t\t\t\t\t\t\t\t<p><strong><span class=\"\">FORMATION:\u00a0<\/span><\/strong>Universit\u00e9 de Turin, dipl\u00f4m\u00e9e<span class=\"\"> en Droit<br \/>\n<\/span><\/p>\n<p><strong><span class=\"\">HABILITATIONS:\u00a0<\/span><\/strong>avocate inscrit au Barreau de Turin<\/p>\n<p><strong><span class=\"\">LANGUES \u00c9TRANG\u00c8RES:\u00a0<\/span><\/strong>anglais<\/p>\n\t\t\t\t\t\t\t\t<\/div>\n\t\t\t\t<\/div>\n\t\t\t\t\t<\/div>\n\t\t<\/div>\n\t\t\t\t\t<\/div>\n\t\t<\/section>\n\t\t\t\t\t<\/div>\n\t\t<\/div>\n\t\t\t\t\t<\/div>\n\t\t<\/section>\n\t\t\t\t<section class=\"elementor-section elementor-top-section elementor-element elementor-element-6eedb73f elementor-section-boxed elementor-section-height-default elementor-section-height-default\" data-id=\"6eedb73f\" data-element_type=\"section\" data-e-type=\"section\">\n\t\t\t\t\t\t<div class=\"elementor-container elementor-column-gap-default\">\n\t\t\t\t\t<div class=\"elementor-column elementor-col-100 elementor-top-column elementor-element elementor-element-be2d05a\" data-id=\"be2d05a\" data-element_type=\"column\" data-e-type=\"column\">\n\t\t\t<div class=\"elementor-widget-wrap elementor-element-populated\">\n\t\t\t\t\t\t<section class=\"elementor-section elementor-inner-section elementor-element elementor-element-17cd78b2 elementor-section-boxed elementor-section-height-default elementor-section-height-default\" data-id=\"17cd78b2\" data-element_type=\"section\" data-e-type=\"section\">\n\t\t\t\t\t\t<div class=\"elementor-container elementor-column-gap-default\">\n\t\t\t\t\t<div class=\"elementor-column elementor-col-50 elementor-inner-column elementor-element elementor-element-47efa842\" data-id=\"47efa842\" data-element_type=\"column\" data-e-type=\"column\">\n\t\t\t<div class=\"elementor-widget-wrap elementor-element-populated\">\n\t\t\t\t\t\t<div class=\"elementor-element elementor-element-2a6cb810 elementor-invisible elementor-widget elementor-widget-text-editor\" data-id=\"2a6cb810\" data-element_type=\"widget\" data-e-type=\"widget\" data-settings=\"{&quot;_animation&quot;:&quot;fadeInLeft&quot;}\" data-widget_type=\"text-editor.default\">\n\t\t\t\t<div class=\"elementor-widget-container\">\n\t\t\t\t\t\t\t\t\t<p>Giulia Losco travaille avec l&rsquo;association professionnelle \u201cFrus e Associati\u201d depuis septembre 2024.<\/p>\n<p>Elle a obtenu sa licence en droit \u00e0 l&rsquo;Universit\u00e9 de Turin en f\u00e9vrier 2022, avec une note de 110\/110 <em>cum laude<\/em> et mention tr\u00e8s bien, en discutant une th\u00e8se intitul\u00e9e \u201c<em>La tromperie dans la proc\u00e9dure civile: formes de manifestation, pertinence et rem\u00e8des<\/em>\u201d.<\/p>\n<p>Pendant ses ann\u00e9es universitaires, elle a suivi le cours \u201c<em>International Legal English\u201d<\/em>, organis\u00e9 par S.I.O.I. en collaboration avec le Centre de formation internationale de l&rsquo;I.L.O., qui lui a permis d&rsquo;approfondir et de mettre en pratique l&rsquo;utilisation de l&rsquo;anglais juridique dans un contexte international.<\/p>\n<p>&nbsp;<\/p>\n\t\t\t\t\t\t\t\t<\/div>\n\t\t\t\t<\/div>\n\t\t\t\t\t<\/div>\n\t\t<\/div>\n\t\t\t\t<div class=\"elementor-column elementor-col-50 elementor-inner-column elementor-element elementor-element-651849ec\" data-id=\"651849ec\" data-element_type=\"column\" data-e-type=\"column\">\n\t\t\t<div class=\"elementor-widget-wrap elementor-element-populated\">\n\t\t\t\t\t\t<div class=\"elementor-element elementor-element-7817c500 elementor-invisible elementor-widget elementor-widget-image\" data-id=\"7817c500\" data-element_type=\"widget\" data-e-type=\"widget\" data-settings=\"{&quot;_animation&quot;:&quot;fadeInRight&quot;}\" data-widget_type=\"image.default\">\n\t\t\t\t<div class=\"elementor-widget-container\">\n\t\t\t\t\t\t\t\t\t\t\t\t\t\t\t<img fetchpriority=\"high\" decoding=\"async\" width=\"800\" height=\"1024\" src=\"https:\/\/www.fruseassociati.it\/wp-content\/uploads\/2025\/11\/Avv.-Giulia-Losco-1-800x1024.jpg\" class=\"attachment-large size-large wp-image-2898\" alt=\"\" srcset=\"https:\/\/www.fruseassociati.it\/wp-content\/uploads\/2025\/11\/Avv.-Giulia-Losco-1-800x1024.jpg 800w, https:\/\/www.fruseassociati.it\/wp-content\/uploads\/2025\/11\/Avv.-Giulia-Losco-1-234x300.jpg 234w, https:\/\/www.fruseassociati.it\/wp-content\/uploads\/2025\/11\/Avv.-Giulia-Losco-1-768x983.jpg 768w, https:\/\/www.fruseassociati.it\/wp-content\/uploads\/2025\/11\/Avv.-Giulia-Losco-1-1200x1536.jpg 1200w, https:\/\/www.fruseassociati.it\/wp-content\/uploads\/2025\/11\/Avv.-Giulia-Losco-1-1600x2048.jpg 1600w, https:\/\/www.fruseassociati.it\/wp-content\/uploads\/2025\/11\/Avv.-Giulia-Losco-1-scaled.jpg 2000w\" sizes=\"(max-width: 800px) 100vw, 800px\" \/>\t\t\t\t\t\t\t\t\t\t\t\t\t\t\t<\/div>\n\t\t\t\t<\/div>\n\t\t\t\t\t<\/div>\n\t\t<\/div>\n\t\t\t\t\t<\/div>\n\t\t<\/section>\n\t\t\t\t\t<\/div>\n\t\t<\/div>\n\t\t\t\t\t<\/div>\n\t\t<\/section>\n\t\t\t\t<\/div>\n\t\t","protected":false},"excerpt":{"rendered":"<p>Avocate Giulia Losco giulia.losco@fruseassociati.it Tel +39 011 56 20 257Tel +39 011 56 13 240Fax +39 011 54 63 23 FORMATION:\u00a0Universit\u00e9 de Turin, dipl\u00f4m\u00e9e en Droit HABILITATIONS:\u00a0avocate inscrit au Barreau de Turin LANGUES \u00c9TRANG\u00c8RES:\u00a0anglais Giulia Losco travaille avec l&rsquo;association professionnelle \u201cFrus e Associati\u201d depuis septembre 2024. Elle a obtenu sa licence en droit \u00e0 l&rsquo;Universit\u00e9 [&hellip;]<\/p>\n","protected":false},"author":5,"featured_media":0,"parent":731,"menu_order":0,"comment_status":"closed","ping_status":"closed","template":"fullwidth-no-container.php","meta":{"footnotes":""},"class_list":["post-1189","page","type-page","status-publish","hentry"],"yoast_head":"<!-- This site is optimized with the Yoast SEO plugin v27.5 - https:\/\/yoast.com\/product\/yoast-seo-wordpress\/ -->\n<title>Giulia Losco - Studio Legale Frus<\/title>\n<meta name=\"robots\" content=\"index, follow, max-snippet:-1, max-image-preview:large, max-video-preview:-1\" \/>\n<link rel=\"canonical\" href=\"https:\/\/www.fruseassociati.it\/fr\/les-professionnels\/giulia-losco\/\" \/>\n<meta property=\"og:locale\" content=\"fr_FR\" \/>\n<meta property=\"og:type\" content=\"article\" \/>\n<meta property=\"og:title\" content=\"Giulia Losco - Studio Legale Frus\" \/>\n<meta property=\"og:description\" content=\"Avocate Giulia Losco giulia.losco@fruseassociati.it Tel +39 011 56 20 257Tel +39 011 56 13 240Fax +39 011 54 63 23 FORMATION:\u00a0Universit\u00e9 de Turin, dipl\u00f4m\u00e9e en Droit HABILITATIONS:\u00a0avocate inscrit au Barreau de Turin LANGUES \u00c9TRANG\u00c8RES:\u00a0anglais Giulia Losco travaille avec l&rsquo;association professionnelle \u201cFrus e Associati\u201d depuis septembre 2024. Elle a obtenu sa licence en droit \u00e0 l&rsquo;Universit\u00e9 [&hellip;]\" \/>\n<meta property=\"og:url\" content=\"https:\/\/www.fruseassociati.it\/fr\/les-professionnels\/giulia-losco\/\" \/>\n<meta property=\"og:site_name\" content=\"Studio Legale Frus\" \/>\n<meta property=\"article:modified_time\" content=\"2025-11-27T09:59:39+00:00\" \/>\n<meta property=\"og:image\" content=\"https:\/\/www.fruseassociati.it\/wp-content\/uploads\/2025\/11\/Avv.-Giulia-Losco-1-scaled.jpg\" \/>\n\t<meta property=\"og:image:width\" content=\"2000\" \/>\n\t<meta property=\"og:image:height\" content=\"2560\" \/>\n\t<meta property=\"og:image:type\" content=\"image\/jpeg\" \/>\n<meta name=\"twitter:card\" content=\"summary_large_image\" \/>\n<meta name=\"twitter:label1\" content=\"Dur\u00e9e de lecture estim\u00e9e\" \/>\n\t<meta name=\"twitter:data1\" content=\"2 minutes\" \/>\n<script type=\"application\/ld+json\" class=\"yoast-schema-graph\">{\"@context\":\"https:\\\/\\\/schema.org\",\"@graph\":[{\"@type\":\"WebPage\",\"@id\":\"https:\\\/\\\/www.fruseassociati.it\\\/fr\\\/les-professionnels\\\/giulia-losco\\\/\",\"url\":\"https:\\\/\\\/www.fruseassociati.it\\\/fr\\\/les-professionnels\\\/giulia-losco\\\/\",\"name\":\"Giulia Losco - Studio Legale Frus\",\"isPartOf\":{\"@id\":\"https:\\\/\\\/www.fruseassociati.it\\\/fr\\\/#website\"},\"primaryImageOfPage\":{\"@id\":\"https:\\\/\\\/www.fruseassociati.it\\\/fr\\\/les-professionnels\\\/giulia-losco\\\/#primaryimage\"},\"image\":{\"@id\":\"https:\\\/\\\/www.fruseassociati.it\\\/fr\\\/les-professionnels\\\/giulia-losco\\\/#primaryimage\"},\"thumbnailUrl\":\"https:\\\/\\\/www.fruseassociati.it\\\/wp-content\\\/uploads\\\/2025\\\/11\\\/Avv.-Giulia-Losco-1-800x1024.jpg\",\"datePublished\":\"2021-11-29T10:32:21+00:00\",\"dateModified\":\"2025-11-27T09:59:39+00:00\",\"breadcrumb\":{\"@id\":\"https:\\\/\\\/www.fruseassociati.it\\\/fr\\\/les-professionnels\\\/giulia-losco\\\/#breadcrumb\"},\"inLanguage\":\"fr-FR\",\"potentialAction\":[{\"@type\":\"ReadAction\",\"target\":[\"https:\\\/\\\/www.fruseassociati.it\\\/fr\\\/les-professionnels\\\/giulia-losco\\\/\"]}]},{\"@type\":\"ImageObject\",\"inLanguage\":\"fr-FR\",\"@id\":\"https:\\\/\\\/www.fruseassociati.it\\\/fr\\\/les-professionnels\\\/giulia-losco\\\/#primaryimage\",\"url\":\"https:\\\/\\\/www.fruseassociati.it\\\/wp-content\\\/uploads\\\/2025\\\/11\\\/Avv.-Giulia-Losco-1-800x1024.jpg\",\"contentUrl\":\"https:\\\/\\\/www.fruseassociati.it\\\/wp-content\\\/uploads\\\/2025\\\/11\\\/Avv.-Giulia-Losco-1-800x1024.jpg\"},{\"@type\":\"BreadcrumbList\",\"@id\":\"https:\\\/\\\/www.fruseassociati.it\\\/fr\\\/les-professionnels\\\/giulia-losco\\\/#breadcrumb\",\"itemListElement\":[{\"@type\":\"ListItem\",\"position\":1,\"name\":\"Home\",\"item\":\"https:\\\/\\\/www.fruseassociati.it\\\/fr\\\/\"},{\"@type\":\"ListItem\",\"position\":2,\"name\":\"Les professionnels\",\"item\":\"https:\\\/\\\/www.fruseassociati.it\\\/fr\\\/i-professionisti\\\/\"},{\"@type\":\"ListItem\",\"position\":3,\"name\":\"Giulia Losco\"}]},{\"@type\":\"WebSite\",\"@id\":\"https:\\\/\\\/www.fruseassociati.it\\\/fr\\\/#website\",\"url\":\"https:\\\/\\\/www.fruseassociati.it\\\/fr\\\/\",\"name\":\"Studio Legale Frus\",\"description\":\"\",\"potentialAction\":[{\"@type\":\"SearchAction\",\"target\":{\"@type\":\"EntryPoint\",\"urlTemplate\":\"https:\\\/\\\/www.fruseassociati.it\\\/fr\\\/?s={search_term_string}\"},\"query-input\":{\"@type\":\"PropertyValueSpecification\",\"valueRequired\":true,\"valueName\":\"search_term_string\"}}],\"inLanguage\":\"fr-FR\"}]}<\/script>\n<!-- \/ Yoast SEO plugin. -->","yoast_head_json":{"title":"Giulia Losco - Studio Legale Frus","robots":{"index":"index","follow":"follow","max-snippet":"max-snippet:-1","max-image-preview":"max-image-preview:large","max-video-preview":"max-video-preview:-1"},"canonical":"https:\/\/www.fruseassociati.it\/fr\/les-professionnels\/giulia-losco\/","og_locale":"fr_FR","og_type":"article","og_title":"Giulia Losco - Studio Legale Frus","og_description":"Avocate Giulia Losco giulia.losco@fruseassociati.it Tel +39 011 56 20 257Tel +39 011 56 13 240Fax +39 011 54 63 23 FORMATION:\u00a0Universit\u00e9 de Turin, dipl\u00f4m\u00e9e en Droit HABILITATIONS:\u00a0avocate inscrit au Barreau de Turin LANGUES \u00c9TRANG\u00c8RES:\u00a0anglais Giulia Losco travaille avec l&rsquo;association professionnelle \u201cFrus e Associati\u201d depuis septembre 2024. Elle a obtenu sa licence en droit \u00e0 l&rsquo;Universit\u00e9 [&hellip;]","og_url":"https:\/\/www.fruseassociati.it\/fr\/les-professionnels\/giulia-losco\/","og_site_name":"Studio Legale Frus","article_modified_time":"2025-11-27T09:59:39+00:00","og_image":[{"width":2000,"height":2560,"url":"https:\/\/www.fruseassociati.it\/wp-content\/uploads\/2025\/11\/Avv.-Giulia-Losco-1-scaled.jpg","type":"image\/jpeg"}],"twitter_card":"summary_large_image","twitter_misc":{"Dur\u00e9e de lecture estim\u00e9e":"2 minutes"},"schema":{"@context":"https:\/\/schema.org","@graph":[{"@type":"WebPage","@id":"https:\/\/www.fruseassociati.it\/fr\/les-professionnels\/giulia-losco\/","url":"https:\/\/www.fruseassociati.it\/fr\/les-professionnels\/giulia-losco\/","name":"Giulia Losco - Studio Legale Frus","isPartOf":{"@id":"https:\/\/www.fruseassociati.it\/fr\/#website"},"primaryImageOfPage":{"@id":"https:\/\/www.fruseassociati.it\/fr\/les-professionnels\/giulia-losco\/#primaryimage"},"image":{"@id":"https:\/\/www.fruseassociati.it\/fr\/les-professionnels\/giulia-losco\/#primaryimage"},"thumbnailUrl":"https:\/\/www.fruseassociati.it\/wp-content\/uploads\/2025\/11\/Avv.-Giulia-Losco-1-800x1024.jpg","datePublished":"2021-11-29T10:32:21+00:00","dateModified":"2025-11-27T09:59:39+00:00","breadcrumb":{"@id":"https:\/\/www.fruseassociati.it\/fr\/les-professionnels\/giulia-losco\/#breadcrumb"},"inLanguage":"fr-FR","potentialAction":[{"@type":"ReadAction","target":["https:\/\/www.fruseassociati.it\/fr\/les-professionnels\/giulia-losco\/"]}]},{"@type":"ImageObject","inLanguage":"fr-FR","@id":"https:\/\/www.fruseassociati.it\/fr\/les-professionnels\/giulia-losco\/#primaryimage","url":"https:\/\/www.fruseassociati.it\/wp-content\/uploads\/2025\/11\/Avv.-Giulia-Losco-1-800x1024.jpg","contentUrl":"https:\/\/www.fruseassociati.it\/wp-content\/uploads\/2025\/11\/Avv.-Giulia-Losco-1-800x1024.jpg"},{"@type":"BreadcrumbList","@id":"https:\/\/www.fruseassociati.it\/fr\/les-professionnels\/giulia-losco\/#breadcrumb","itemListElement":[{"@type":"ListItem","position":1,"name":"Home","item":"https:\/\/www.fruseassociati.it\/fr\/"},{"@type":"ListItem","position":2,"name":"Les professionnels","item":"https:\/\/www.fruseassociati.it\/fr\/i-professionisti\/"},{"@type":"ListItem","position":3,"name":"Giulia Losco"}]},{"@type":"WebSite","@id":"https:\/\/www.fruseassociati.it\/fr\/#website","url":"https:\/\/www.fruseassociati.it\/fr\/","name":"Studio Legale Frus","description":"","potentialAction":[{"@type":"SearchAction","target":{"@type":"EntryPoint","urlTemplate":"https:\/\/www.fruseassociati.it\/fr\/?s={search_term_string}"},"query-input":{"@type":"PropertyValueSpecification","valueRequired":true,"valueName":"search_term_string"}}],"inLanguage":"fr-FR"}]}},"_links":{"self":[{"href":"https:\/\/www.fruseassociati.it\/fr\/wp-json\/wp\/v2\/pages\/1189","targetHints":{"allow":["GET"]}}],"collection":[{"href":"https:\/\/www.fruseassociati.it\/fr\/wp-json\/wp\/v2\/pages"}],"about":[{"href":"https:\/\/www.fruseassociati.it\/fr\/wp-json\/wp\/v2\/types\/page"}],"author":[{"embeddable":true,"href":"https:\/\/www.fruseassociati.it\/fr\/wp-json\/wp\/v2\/users\/5"}],"replies":[{"embeddable":true,"href":"https:\/\/www.fruseassociati.it\/fr\/wp-json\/wp\/v2\/comments?post=1189"}],"version-history":[{"count":30,"href":"https:\/\/www.fruseassociati.it\/fr\/wp-json\/wp\/v2\/pages\/1189\/revisions"}],"predecessor-version":[{"id":2995,"href":"https:\/\/www.fruseassociati.it\/fr\/wp-json\/wp\/v2\/pages\/1189\/revisions\/2995"}],"up":[{"embeddable":true,"href":"https:\/\/www.fruseassociati.it\/fr\/wp-json\/wp\/v2\/pages\/731"}],"wp:attachment":[{"href":"https:\/\/www.fruseassociati.it\/fr\/wp-json\/wp\/v2\/media?parent=1189"}],"curies":[{"name":"wp","href":"https:\/\/api.w.org\/{rel}","templated":true}]}}